{"id":1223,"date":"2015-05-23T14:29:46","date_gmt":"2015-05-23T12:29:46","guid":{"rendered":"http:\/\/bintumani.de\/?page_id=1223"},"modified":"2021-03-01T19:13:14","modified_gmt":"2021-03-01T18:13:14","slug":"milleniumsziele-der-un","status":"publish","type":"page","link":"https:\/\/bintumani.de\/en\/milleniumsziele-der-un\/","title":{"rendered":"Milleniumsziele der UN"},"content":{"rendered":"\n<h3 style=\"text-align: left;\"><strong><span id=\"Millenniums-Ziele_der_Vereinten_Nationen\" class=\"mw-headline\">&nbsp; &nbsp; Millenniums-Ziele der Vereinten Nationen<\/span><\/strong><\/h3>\n<div class=\"thumb tright\">&nbsp;<\/div>\n<ol>\n<li>Bek\u00e4mpfung von extremer&nbsp;<a title=\"Armut\" href=\"http:\/\/de.wikipedia.org\/wiki\/Armut\" target=\"_blank\" rel=\"noopener\">Armut<\/a>&nbsp;und&nbsp;<a title=\"Hunger\" href=\"http:\/\/de.wikipedia.org\/wiki\/Hunger\" target=\"_blank\" rel=\"noopener\">Hunger<\/a>\n<ul>\n<li>Zwischen 1990 und 2015 den Anteil der Menschen halbieren, die weniger als den Gegenwert von eineinhalb US-Dollar pro Tag zum Leben haben.<\/li>\n<li>Zwischen 1990 und 2015 den Anteil der Menschen halbieren, die Hunger leiden.<\/li>\n<li><a title=\"Vollbesch\u00e4ftigung\" href=\"http:\/\/de.wikipedia.org\/wiki\/Vollbesch%C3%A4ftigung\" target=\"_blank\" rel=\"noopener\">Vollbesch\u00e4ftigung<\/a>&nbsp;in ehrbarer Arbeit f\u00fcr alle erreichen, auch f\u00fcr Frauen und Jugendliche.<\/li>\n<\/ul>\n<\/li>\n<li><a title=\"Grundschule\" href=\"http:\/\/de.wikipedia.org\/wiki\/Grundschule\" target=\"_blank\" rel=\"noopener\">Prim\u00e4rschulbildung<\/a>&nbsp;f\u00fcr alle\n<ul>\n<li>Bis zum Jahr 2015 sicherstellen, dass Kinder in der ganzen Welt, M\u00e4dchen wie Jungen, eine Prim\u00e4rschulbildung vollst\u00e4ndig abschlie\u00dfen.<\/li>\n<\/ul>\n<\/li>\n<li><a title=\"Gleichstellung der Geschlechter\" href=\"http:\/\/de.wikipedia.org\/wiki\/Gleichstellung_der_Geschlechter\" target=\"_blank\" rel=\"noopener\">Gleichstellung der Geschlechter<\/a>&nbsp;\/ St\u00e4rkung der Rolle der Frauen\n<ul>\n<li>Das Geschlechtergef\u00e4lle in der Primar- und Sekundarschulbildung beseitigen, m\u00f6glichst bis 2005 und auf allen Bildungsebenen bis sp\u00e4testens 2015.<\/li>\n<\/ul>\n<\/li>\n<li>Senkung der&nbsp;<a title=\"Kindersterblichkeit\" href=\"http:\/\/de.wikipedia.org\/wiki\/Kindersterblichkeit\" target=\"_blank\" rel=\"noopener\">Kindersterblichkeit<\/a>\n<ul>\n<li>Zwischen 1991 und 2015 Senkung der Kindersterblichkeit von unter F\u00fcnfj\u00e4hrigen um zwei Drittel (von 10,6 Prozent auf 3,5 Prozent).<\/li>\n<\/ul>\n<\/li>\n<li>Verbesserung der&nbsp;<a title=\"Gesundheitssystem\" href=\"http:\/\/de.wikipedia.org\/wiki\/Gesundheitssystem\" target=\"_blank\" rel=\"noopener\">Gesundheitsversorgung<\/a>&nbsp;der M\u00fctter\n<ul>\n<li>Zwischen 1990 und 2015 Senkung der&nbsp;<a title=\"M\u00fcttersterblichkeit\" href=\"http:\/\/de.wikipedia.org\/wiki\/M%C3%BCttersterblichkeit\" target=\"_blank\" rel=\"noopener\">Sterblichkeitsrate von M\u00fcttern<\/a>&nbsp;um drei Viertel.<\/li>\n<li>Bis 2015 allgemeinen Zugang zu reproduktiver Gesundheit erreichen.<\/li>\n<\/ul>\n<\/li>\n<li>Bek\u00e4mpfung von&nbsp;<a title=\"HIV\" href=\"http:\/\/de.wikipedia.org\/wiki\/HIV\" target=\"_blank\" rel=\"noopener\">HIV<\/a>\/<a title=\"AIDS\" href=\"http:\/\/de.wikipedia.org\/wiki\/AIDS\" target=\"_blank\" rel=\"noopener\">AIDS<\/a>,&nbsp;<a title=\"Malaria\" href=\"http:\/\/de.wikipedia.org\/wiki\/Malaria\" target=\"_blank\" rel=\"noopener\">Malaria<\/a>&nbsp;und anderen schweren Krankheiten\n<ul>\n<li>Bis 2015 die Ausbreitung von HIV\/AIDS zum Stillstand bringen und eine Trendumkehr bewirken.<\/li>\n<li>Bis 2010 weltweiten Zugang zu medizinischer Versorgung f\u00fcr alle HIV\/AIDS-Infizierten erreichen, die diese ben\u00f6tigen.<\/li>\n<li>Bis 2015 die Ausbreitung von Malaria und anderen schweren Krankheiten zum Stillstand bringen und eine Trendumkehr bewirken.<\/li>\n<\/ul>\n<\/li>\n<li>\u00d6kologische&nbsp;<a title=\"Nachhaltigkeit\" href=\"http:\/\/de.wikipedia.org\/wiki\/Nachhaltigkeit\" target=\"_blank\" rel=\"noopener\">Nachhaltigkeit<\/a>\n<ul>\n<li>Die Grunds\u00e4tze der nachhaltigen Entwicklung in der Politik und den Programmen der einzelnen Staaten verankern und die Vernichtung von Umweltressourcen eind\u00e4mmen.<\/li>\n<li>Den Verlust der&nbsp;<a title=\"Biodiversit\u00e4t\" href=\"http:\/\/de.wikipedia.org\/wiki\/Biodiversit%C3%A4t\" target=\"_blank\" rel=\"noopener\">Biodiversit\u00e4t<\/a>&nbsp;verringern, bis 2010 eine signifikante Drosselung der Verlustrate erreichen.<\/li>\n<li>Bis 2015 Halbierung des Anteils der Menschen ohne dauerhaft gesicherten Zugang zu hygienisch einwandfreiem Trinkwasser (von 65 Prozent auf 32 Prozent).<\/li>\n<li>Bis 2020 eine deutliche Verbesserung der Lebensbedingungen von mindestens 100 Millionen Slumbewohnern und -bewohnerinnen bewirken.<\/li>\n<\/ul>\n<\/li>\n<li>Aufbau einer globalen Partnerschaft f\u00fcr Entwicklung\n<ul>\n<li>Weitere Fortschritte bei der Entwicklung eines offenen, regelgest\u00fctzten, berechenbaren und nicht diskriminierenden Handels- und Finanzsystems. Dies umfasst die Verpflichtung zu verantwortungsbewusster Regierungsf\u00fchrung, zu Entwicklung und zur Senkung der Armut \u2013 sowohl auf nationaler als auch auf internationaler Ebene.<\/li>\n<li>Ber\u00fccksichtigung der besonderen Bed\u00fcrfnisse der&nbsp;<a title=\"Least Developed Countries\" href=\"http:\/\/de.wikipedia.org\/wiki\/Least_Developed_Countries\" target=\"_blank\" rel=\"noopener\">am wenigsten entwickelten L\u00e4nder<\/a>. Das beinhaltet den Abbau von Handelshemmnissen, Schuldenerleichterung und -erlass, besondere finanzielle Unterst\u00fctzung der aktiv um Armutsminderung bem\u00fchten L\u00e4nder.<\/li>\n<li>Den besonderen Bed\u00fcrfnissen der Binnen- und kleinen Insel-Entwicklungsl\u00e4ndern Rechnung tragen.<\/li>\n<li>Umfassende Anstrengungen auf nationaler und internationaler Ebene zur L\u00f6sung der Schuldenprobleme der Entwicklungsl\u00e4nder.<\/li>\n<li>In Zusammenarbeit mit den Entwicklungsl\u00e4ndern Strategien zur Schaffung menschenw\u00fcrdiger und sinnvoller Arbeitspl\u00e4tze f\u00fcr junge Menschen erarbeiten und umsetzen.<\/li>\n<li>In Zusammenarbeit mit den Pharmaunternehmen Zugang zu unentbehrlichen Arzneimitteln zu erschwinglichen Preisen in Entwicklungsl\u00e4ndern gew\u00e4hrleisten.<\/li>\n<li>In Zusammenarbeit mit dem privaten Sektor daf\u00fcr sorgen, dass die Vorteile neuer Technologien, insbesondere von Informations- und Kommunikationstechnologien, von Entwicklungsl\u00e4ndern genutzt werden k\u00f6nnen.<\/li>\n<\/ul>\n<\/li>\n<\/ol>\n","protected":false},"excerpt":{"rendered":"","protected":false},"author":1,"featured_media":0,"parent":0,"menu_order":0,"comment_status":"closed","ping_status":"closed","template":"","meta":{"site-sidebar-layout":"default","site-content-layout":"default","ast-site-content-layout":"default","site-content-style":"default","site-sidebar-style":"default","ast-global-header-display":"","ast-banner-title-visibility":"","ast-main-header-display":"","ast-hfb-above-header-display":"","ast-hfb-below-header-display":"","ast-hfb-mobile-header-display":"","site-post-title":"disabled","ast-breadcrumbs-content":"","ast-featured-img":"","footer-sml-layout":"","ast-disable-related-posts":"","theme-transparent-header-meta":"enabled","adv-header-id-meta":"","stick-header-meta":"","header-above-stick-meta":"","header-main-stick-meta":"","header-below-stick-meta":"","astra-migrate-meta-layouts":"default","ast-page-background-enabled":"default","ast-page-background-meta":{"desktop":{"background-color":"","background-image":"","background-repeat":"repeat","background-position":"center center","background-size":"auto","background-attachment":"scroll","background-type":"","background-media":"","overlay-type":"","overlay-color":"","overlay-opacity":"","overlay-gradient":""},"tablet":{"background-color":"","background-image":"","background-repeat":"repeat","background-position":"center center","background-size":"auto","background-attachment":"scroll","background-type":"","background-media":"","overlay-type":"","overlay-color":"","overlay-opacity":"","overlay-gradient":""},"mobile":{"background-color":"","background-image":"","background-repeat":"repeat","background-position":"center center","background-size":"auto","background-attachment":"scroll","background-type":"","background-media":"","overlay-type":"","overlay-color":"","overlay-opacity":"","overlay-gradient":""}},"ast-content-background-meta":{"desktop":{"background-color":"var(--ast-global-color-5)","background-image":"","background-repeat":"repeat","background-position":"center center","background-size":"auto","background-attachment":"scroll","background-type":"","background-media":"","overlay-type":"","overlay-color":"","overlay-opacity":"","overlay-gradient":""},"tablet":{"background-color":"var(--ast-global-color-5)","background-image":"","background-repeat":"repeat","background-position":"center center","background-size":"auto","background-attachment":"scroll","background-type":"","background-media":"","overlay-type":"","overlay-color":"","overlay-opacity":"","overlay-gradient":""},"mobile":{"background-color":"var(--ast-global-color-5)","background-image":"","background-repeat":"repeat","background-position":"center center","background-size":"auto","background-attachment":"scroll","background-type":"","background-media":"","overlay-type":"","overlay-color":"","overlay-opacity":"","overlay-gradient":""}},"footnotes":""},"class_list":["post-1223","page","type-page","status-publish","hentry"],"_links":{"self":[{"href":"https:\/\/bintumani.de\/en\/wp-json\/wp\/v2\/pages\/1223","targetHints":{"allow":["GET"]}}],"collection":[{"href":"https:\/\/bintumani.de\/en\/wp-json\/wp\/v2\/pages"}],"about":[{"href":"https:\/\/bintumani.de\/en\/wp-json\/wp\/v2\/types\/page"}],"author":[{"embeddable":true,"href":"https:\/\/bintumani.de\/en\/wp-json\/wp\/v2\/users\/1"}],"replies":[{"embeddable":true,"href":"https:\/\/bintumani.de\/en\/wp-json\/wp\/v2\/comments?post=1223"}],"version-history":[{"count":5,"href":"https:\/\/bintumani.de\/en\/wp-json\/wp\/v2\/pages\/1223\/revisions"}],"predecessor-version":[{"id":12121,"href":"https:\/\/bintumani.de\/en\/wp-json\/wp\/v2\/pages\/1223\/revisions\/12121"}],"wp:attachment":[{"href":"https:\/\/bintumani.de\/en\/wp-json\/wp\/v2\/media?parent=1223"}],"curies":[{"name":"wp","href":"https:\/\/api.w.org\/{rel}","templated":true}]}}