{"id":1278,"date":"2015-05-24T19:26:20","date_gmt":"2015-05-24T17:26:20","guid":{"rendered":"http:\/\/bintumani.de\/?page_id=1278"},"modified":"2021-03-01T19:09:13","modified_gmt":"2021-03-01T18:09:13","slug":"kinderchirurgie-2014","status":"publish","type":"page","link":"https:\/\/bintumani.de\/en\/projekte\/bintumani-projekte-gesundheit\/kinderchirurgie-in-sierra-leone\/kinderchirurgie-2014\/","title":{"rendered":"Kinderchirurgie 2014"},"content":{"rendered":"\n<div class=\"wp-block-image\"><figure class=\"aligncenter is-resized\"><img fetchpriority=\"high\" decoding=\"async\" src=\"https:\/\/bintumani.de\/wp-content\/uploads\/2019\/02\/image-4.png\" alt=\"\" class=\"wp-image-4302\" width=\"611\" height=\"347\" srcset=\"https:\/\/bintumani.de\/wp-content\/uploads\/2019\/02\/image-4.png 454w, https:\/\/bintumani.de\/wp-content\/uploads\/2019\/02\/image-4-300x170.png 300w, https:\/\/bintumani.de\/wp-content\/uploads\/2019\/02\/image-4-150x85.png 150w\" sizes=\"(max-width: 611px) 100vw, 611px\" \/><\/figure><\/div>\n\n\n\n<p><strong><u>Kinderchirurgischer Einsatz in Sierra Leone M\u00e4rz 2014<\/u><\/strong><\/p>\n<p><u><\/u>Bericht \u00fcber den humanit\u00e4ren kinderchirurgischen Einsatz vom 14.03-30.03.2014<\/p>\n<p><u>Das Team:<\/u><\/p>\n<p>Wir haben leider in diesem Jahr auf die Teilnahme von dem Kinderchirurgen Dr. Ibrahim Al-Naieb verzichten m\u00fcssen, da er aus famili\u00e4ren Grunden nicht mitfahren konnte. Das Team bestand aus Dr. Tilman Gresing, Facharzt f\u00fcr Kinderchirurgie und Chefarzt der kinderchirurgischen Abteilung des evangelischen Krankenhauses in Lippstadt, Dr. Volker Dreimann, Facharzt f\u00fcr plastische und rekonstruktive Chirurgie und Leiter der Abteilung im evangelischen Krankenhaus in Lippstdt, Frau Ina Preu\u00df, Kinderkrankenschwester am evangelischen Krankenhaus Lippstadt und Dr. Morley Wright ,Kinderarzt aus Lohfelden bei Kassel.<\/p>\n<p><u>Vorbereitung:<\/u><\/p>\n<p>Wie bei den vorangegangenen Eins\u00e4tzen erfolgte ein Spendenaufruf mit Hilfe eines Flyers und eines Artikels in der Lokalzeitung in Kassel sowie Vortr\u00e4ge bei Spenderorganisationen wie Rotary und Lions Clubs in Lippstadt und direkten Kontakt zu Firmen in Kassel.<\/p>\n<p>Wir erhielten Sachspenden von Medikamenten und Verbandsmaterial von einigen Firmen f\u00fcr Medizinprodukte.<\/p>\n<p>Nach wie vor, wurde das Projekt von Herrn Jongopie Stevens, Botschafter von Sierra Leone in der Bundesrepublik Deutschland durch die Ausstellung von Gratisvisa unterst\u00fctzt.<\/p>\n<p><u>Organisation und Vorbereitung in Sierra Leone:<\/u><\/p>\n<p>W\u00e4hrend des Aufenthaltes in Sierra Leone 2013 hatten wir Gespr\u00e4che mit dem Direktorium des Choithram Hospital gef\u00fchrt, um die M\u00f6glichkeit der Nutzung des Krankenhauses f\u00fcr zuk\u00fcnftige Eins\u00e4tze zu pr\u00fcfen. Da es sich bei dem Krankenhaus um eine private Institution handelt,wurden Modalit\u00e4ten f\u00fcr eine Kooperation mit besonderer Ber\u00fccksichtigung einer Erm\u00e4\u00dfigung der Krankenhauskosten ausgehandelt. Das Krankenhaus hatte auch die Aufgabe der Koordination der Rekrutierung und Auswahl der Patienten \u00fcbernommen. Patienten wurden durch \u201eL\u00f6we f\u00fcr L\u00f6we\u201c, Dr. Frances Wurie von Frauenzentrum Aberdeen und Dr. Nellie Bell von der Ola During Children\u2019s Hospital(Kinderklinik) sowie durch Bekanntmachung in den Medien rekrutiert. Die endg\u00fcltige Auswahl erfolgte durch Dr. George , \u00e4rztlicher Direktor des Choithram Hospital.<\/p>\n<h3>Ziele des Einsatzes<\/h3>\n<p>Das prim\u00e4re Ziel ist die chirurgische Versorgung von Kindern aller Altersgruppen, die aus unterschiedlichen Gr\u00fcnden in Sierra Leone nicht behandelt werden k\u00f6nnen.<\/p>\n<p>Hierbei erfolgt eine informelle Fortbildung des Personals.<\/p>\n<p>Ein weiteres Ziel ist die Sensibilisierung der jungen Kollegen f\u00fcr die Disziplin Kinderchirurgie.<\/p>\n<p><u>T\u00e4tigkeit in Sierra Leone.<\/u><\/p>\n<p>Am Tag nach unserer Ankunft fand ein Treffen mit Dr. George, \u00e4rztlicher Direktor des Choithram Hospital und Dr. Baryoh, Chefarzt der Chirurgischen Abteilung des Krankenhauses statt. Obwohl es Samstag war, konnten wir anschliessend geeignete Patienten f\u00fcr die Operationspl\u00e4ne der nachfolgenden Tagen identifizieren. Es wurden uns zwei Assistenz\u00e4rzte zugeteilt, die f\u00fcr die Organisation der station\u00e4ren Aufnahme und Betreuung der Patienten verantwortlich waren. Sie assistierten auch im Operationssaal. Es konnte zeitweilig in zwei S\u00e4len operiert werden. Ein Vorteil war das Vorhandenseim eines An\u00e4sthesisten, der mit Hilfe seines Teams beide S\u00e4le betreuen konnte.<\/p>\n<p>Es wurden insgesamt 41 Operationen an 37 Kindern im Alter zwischen 2 Monaten und 15 Jahren durchgef\u00fchrt, wobei 7 Kinder j\u00fcnger als 1 Jahr waren. Hierunter waren mehrere Kinder mit Lippenspalte bzw. Lippen-Gaumenspalte, deren Lippenspalte versorgt wurden. Die Gaumenspalten m\u00fcssen zu einem sp\u00e4teren Zeitpunkt evtl. durch Gast\u00e4rzte in Holy Spirit Hospital in Makeni behandelt werden. Auch andere Kinder z.B mit Hydrocephalus wurden an den Kinderchirurgen Dr. Lebbie in Makeni \u00fcberwiesen. Leider litten zwei Kinder an inoperablen Bauchtumoren, die nicht behandelt werden k\u00f6nnten.<\/p>\n<p>Besuch des Holy Spirit Hospital in Makeni<\/p>\n<p>Am Samstag 22.03. besuchten wir das Holy Spirit Hospital in Makeni, um die Bedingungen f\u00fcr eine zuk\u00fcnftige Kooperation zu erl\u00e4utern. Dort wurden wir von Dr. Lebbie, der seit einigen Monaten als Kinderchirurg dort t\u00e4tig ist und der Oberin empfangen. Wir haben den Eindruck gewonnen, dass eine Kooperation durchaus in Erw\u00e4gung gezogen werden kann.<\/p>\n<p>Auf jeden Fall kann eine Zusammenarbeit mit Herrn Dr. Lebbie angestrebt werden.<\/p>\n<p><u>Besuch des Lunsar Hospitals Mabesseneh.<\/u><\/p>\n<p>Es handelt sich um eine von einer katholischen Mission betriebenes Krankenhaus, das bereits mit verschiedenen chirurgischen und orthop\u00e4dischen Teams aus dem Ausland (Orthop\u00e4die f\u00fcr die 3. Welt aus Deutschland) zusammenarbeitet. Dr. Gresing , Dr. Dreimann und Frau Preu\u00df erstatteten diese Einrichtung einen Besuch , um die Bedingungen kennenzulernen.<\/p>\n<p>Besuch des Ola During Children\u2019s Hospital in Freetown<\/p>\n<p>Wir hatten Gelegenheit, das Krankenhaus zu besichtigen und Patienten zu sichten. In Abwesenheit des Klinikchefs Dr. Baion wurden wir von Dr. Nellie Bell, die auch Patienten rekrutiert hatte, empfangen und durch die verschiedenen Abteilungen gef\u00fchrt.<\/p>\n<h3>Zusammenfassung<\/h3>\n<p>Die Operationsbedingungen und die Versorgung der Kinder im Choithram Hospital waren sehr gut. Es wurden 41 Operationen an 37 Kindern durchgef\u00fchrt. Es handelte sich zum Teil um komplizierte plastisch-chirurgische Rekonstruktionen, Bauchoperationen und Lippenspalten. Die zugeteilten Assistenz\u00e4rzte waren sowohl im Operationssaal als auch bei der station\u00e4ren Betreuung au\u00dferhalb des Operationssales sehr engagiert.<\/p>\n<p>F\u00fcr Labor und R\u00f6ntgenuntersuchungen sowie f\u00fcr Medikamente wurden gem\u00e4\u00df unserer Vereinbarung mit dem Direktorium im Choithram Hospital Geb\u00fchren erhoben, aber die Pfleges\u00e4tze wurden uns erlassen.<\/p>\n<p>Frau Preu\u00df, die nebenberuflich Fotojournalismus betreibt, hat ein umfangreiches Bildmaterial zusammengestellt, das f\u00fcr eine m\u00f6gliche Ver\u00f6ffentlichung genutzt werden kann.<\/p>\n<p>Wir haben durch die Besuche der zwei Krankenh\u00e4user au\u00dferhalb Freetowns feststellen k\u00f6nnen, da\u00df geeignete Voraussetzungen f\u00fcr solche Eins\u00e4tze auch in der Provinz gegeben sind.<\/p>\n<p>Es ist nicht sicher , ob ein neuer Einsatz in diesem Jahr realisiert werden kann. Wir planen jedoch einen erneuten Einsatz 2015.<\/p>\n<p><u>Danksagung<\/u><\/p>\n<p>Wir danken allen Spendern, die mit kleinen und gro\u00dfen Betr\u00e4gen und mit Sachspenden uns unterst\u00fctzt haben.<\/p>\n<p>Unser Dank geht an Herrn Jongopie Siaka Stevens ,Botschafter von Sierra Leone in Deutschland f\u00fcr die Ausstellung von Gratisvisa an die Mitglieder des Teams und sein Interesse an unserem Projekt.<\/p>\n<p>Wir danken der Verwaltung und dem Personal des Choithram Hospital f\u00fcr deren Unterst\u00fctzung in der Zusammenarbeit ,insbesondere Dr. George, Dr.Baryoh, Dr,Rabia und Dr. Rogers.<\/p>\n<p>Ebenso m\u00f6chten wir Frau Dr. Wurie, Frau Dr. Bell und den Mitarbeitern von \u201eL\u00f6we f\u00fcr L\u00f6we\u201c f\u00fcr die Rekrutierung von Patienten danken.<\/p>\n<p><em>Dr. Morley Wright<\/em><\/p>\n","protected":false},"excerpt":{"rendered":"","protected":false},"author":1,"featured_media":0,"parent":462,"menu_order":0,"comment_status":"closed","ping_status":"closed","template":"","meta":{"site-sidebar-layout":"default","site-content-layout":"","ast-site-content-layout":"default","site-content-style":"default","site-sidebar-style":"default","ast-global-header-display":"","ast-banner-title-visibility":"","ast-main-header-display":"","ast-hfb-above-header-display":"","ast-hfb-below-header-display":"","ast-hfb-mobile-header-display":"","site-post-title":"","ast-breadcrumbs-content":"","ast-featured-img":"","footer-sml-layout":"","ast-disable-related-posts":"","theme-transparent-header-meta":"","adv-header-id-meta":"","stick-header-meta":"","header-above-stick-meta":"","header-main-stick-meta":"","header-below-stick-meta":"","astra-migrate-meta-layouts":"default","ast-page-background-enabled":"default","ast-page-background-meta":{"desktop":{"background-color":"","background-image":"","background-repeat":"repeat","background-position":"center center","background-size":"auto","background-attachment":"scroll","background-type":"","background-media":"","overlay-type":"","overlay-color":"","overlay-opacity":"","overlay-gradient":""},"tablet":{"background-color":"","background-image":"","background-repeat":"repeat","background-position":"center center","background-size":"auto","background-attachment":"scroll","background-type":"","background-media":"","overlay-type":"","overlay-color":"","overlay-opacity":"","overlay-gradient":""},"mobile":{"background-color":"","background-image":"","background-repeat":"repeat","background-position":"center center","background-size":"auto","background-attachment":"scroll","background-type":"","background-media":"","overlay-type":"","overlay-color":"","overlay-opacity":"","overlay-gradient":""}},"ast-content-background-meta":{"desktop":{"background-color":"var(--ast-global-color-5)","background-image":"","background-repeat":"repeat","background-position":"center center","background-size":"auto","background-attachment":"scroll","background-type":"","background-media":"","overlay-type":"","overlay-color":"","overlay-opacity":"","overlay-gradient":""},"tablet":{"background-color":"var(--ast-global-color-5)","background-image":"","background-repeat":"repeat","background-position":"center center","background-size":"auto","background-attachment":"scroll","background-type":"","background-media":"","overlay-type":"","overlay-color":"","overlay-opacity":"","overlay-gradient":""},"mobile":{"background-color":"var(--ast-global-color-5)","background-image":"","background-repeat":"repeat","background-position":"center center","background-size":"auto","background-attachment":"scroll","background-type":"","background-media":"","overlay-type":"","overlay-color":"","overlay-opacity":"","overlay-gradient":""}},"footnotes":""},"class_list":["post-1278","page","type-page","status-publish","hentry"],"_links":{"self":[{"href":"https:\/\/bintumani.de\/en\/wp-json\/wp\/v2\/pages\/1278","targetHints":{"allow":["GET"]}}],"collection":[{"href":"https:\/\/bintumani.de\/en\/wp-json\/wp\/v2\/pages"}],"about":[{"href":"https:\/\/bintumani.de\/en\/wp-json\/wp\/v2\/types\/page"}],"author":[{"embeddable":true,"href":"https:\/\/bintumani.de\/en\/wp-json\/wp\/v2\/users\/1"}],"replies":[{"embeddable":true,"href":"https:\/\/bintumani.de\/en\/wp-json\/wp\/v2\/comments?post=1278"}],"version-history":[{"count":6,"href":"https:\/\/bintumani.de\/en\/wp-json\/wp\/v2\/pages\/1278\/revisions"}],"predecessor-version":[{"id":4305,"href":"https:\/\/bintumani.de\/en\/wp-json\/wp\/v2\/pages\/1278\/revisions\/4305"}],"up":[{"embeddable":true,"href":"https:\/\/bintumani.de\/en\/wp-json\/wp\/v2\/pages\/462"}],"wp:attachment":[{"href":"https:\/\/bintumani.de\/en\/wp-json\/wp\/v2\/media?parent=1278"}],"curies":[{"name":"wp","href":"https:\/\/api.w.org\/{rel}","templated":true}]}}