{"id":15326,"date":"2020-04-14T17:00:43","date_gmt":"2020-04-14T15:00:43","guid":{"rendered":"https:\/\/bintumani.de\/milton-margai-college-of-education-and-technology\/"},"modified":"2020-04-14T17:00:45","modified_gmt":"2020-04-14T15:00:45","slug":"milton-margai-college-of-education-and-technology","status":"publish","type":"page","link":"https:\/\/bintumani.de\/en\/milton-margai-college-of-education-and-technology\/","title":{"rendered":"Milton Margai College of Education and Technology"},"content":{"rendered":"<p>Gemeinsam entwickeln das staatliche Ausbildungszentrum (Berufsschule) in Freetown und der Verein Bintumani D-SL ein Ausbildungsgang f\u00fcr den Fachbereich \u201eErneuerbare Energien\u201c<br \/>Wir nennen es \u00a0<strong><a href=\"https:\/\/bintumani.de\/en\/milton-margai-college-of-education-and-technology\/\" target=\"_blank\" rel=\"noopener noreferrer\">&#8220;EDUREC&#8221;<\/a><\/strong> = Education for Renewable Energy Center&#8221;<br \/>Das Curriculum, nach einer Vorlage vom Oberstufenzentrum TIEM in Berlin-Spandau, umfasst die Bereiche Photovoltaik, Windenergie, Bioenergie(Biogas), Wasserkraft, Mechanik und Business.<br \/>In Kursen und\/oder in einem zweij\u00e4hrigen Ausbildungsgang erlangen die Teilnehmer eine zertifizierte Ausbildung.<br \/>Ein erster Raum, in einem Geb\u00e4ude f\u00fcr den Energie-Ausbildungsbereich, ist auf dem Campus Congo Cross, hierf\u00fcr bereitgestellt worden. Der Ausbau und die Einrichtung ist im vollen Gang.<\/p>\n<p>\u00a0<\/p>\n\n\n<div class=\"wp-block-columns has-2-columns is-layout-flex wp-container-core-columns-is-layout-28f84493 wp-block-columns-is-layout-flex\">\n<div class=\"wp-block-column is-layout-flow wp-block-column-is-layout-flow\">\n<figure class=\"wp-block-image\"><img fetchpriority=\"high\" decoding=\"async\" width=\"4272\" height=\"2848\" src=\"https:\/\/bintumani.de\/wp-content\/uploads\/2016\/02\/IMG_1458.jpg\" alt=\"\" class=\"wp-image-1722\" srcset=\"https:\/\/bintumani.de\/wp-content\/uploads\/2016\/02\/IMG_1458.jpg 4272w, https:\/\/bintumani.de\/wp-content\/uploads\/2016\/02\/IMG_1458-300x200.jpg 300w, https:\/\/bintumani.de\/wp-content\/uploads\/2016\/02\/IMG_1458-1024x683.jpg 1024w, https:\/\/bintumani.de\/wp-content\/uploads\/2016\/02\/IMG_1458-150x100.jpg 150w, https:\/\/bintumani.de\/wp-content\/uploads\/2016\/02\/IMG_1458-768x512.jpg 768w, https:\/\/bintumani.de\/wp-content\/uploads\/2016\/02\/IMG_1458-1536x1024.jpg 1536w, https:\/\/bintumani.de\/wp-content\/uploads\/2016\/02\/IMG_1458-2048x1365.jpg 2048w, https:\/\/bintumani.de\/wp-content\/uploads\/2016\/02\/IMG_1458-1320x880.jpg 1320w\" sizes=\"(max-width: 4272px) 100vw, 4272px\" \/><\/figure>\n<\/div>\n\n\n\n<div class=\"wp-block-column is-layout-flow wp-block-column-is-layout-flow\">\n<figure class=\"wp-block-image is-resized\"><img decoding=\"async\" src=\"https:\/\/bintumani.de\/wp-content\/uploads\/2019\/03\/Bildschirmfoto-2019-01-13-um-19.14.38.png\" alt=\"\" class=\"wp-image-12900\" width=\"569\" height=\"487\" srcset=\"https:\/\/bintumani.de\/wp-content\/uploads\/2019\/03\/Bildschirmfoto-2019-01-13-um-19.14.38.png 758w, https:\/\/bintumani.de\/wp-content\/uploads\/2019\/03\/Bildschirmfoto-2019-01-13-um-19.14.38-300x257.png 300w, https:\/\/bintumani.de\/wp-content\/uploads\/2019\/03\/Bildschirmfoto-2019-01-13-um-19.14.38-150x128.png 150w\" sizes=\"(max-width: 569px) 100vw, 569px\" \/><\/figure>\n<\/div>\n<\/div>\n","protected":false},"excerpt":{"rendered":"<p>Gemeinsam entwickeln das staatliche Ausbildungszentrum (Berufsschule) in Freetown und der Verein Bintumani D-SL ein Ausbildungsgang f\u00fcr den Fachbereich \u201eErneuerbare Energien\u201cWir nennen es \u00a0&#8220;EDUREC&#8221; = Education for Renewable Energy Center&#8221;Das Curriculum, nach einer Vorlage vom Oberstufenzentrum TIEM in Berlin-Spandau, umfasst die Bereiche Photovoltaik, Windenergie, Bioenergie(Biogas), Wasserkraft, Mechanik und Business.In Kursen und\/oder in einem zweij\u00e4hrigen Ausbildungsgang erlangen [&hellip;]<\/p>\n","protected":false},"author":1,"featured_media":0,"parent":0,"menu_order":0,"comment_status":"closed","ping_status":"closed","template":"","meta":{"site-sidebar-layout":"default","site-content-layout":"","ast-site-content-layout":"default","site-content-style":"default","site-sidebar-style":"default","ast-global-header-display":"","ast-banner-title-visibility":"","ast-main-header-display":"","ast-hfb-above-header-display":"","ast-hfb-below-header-display":"","ast-hfb-mobile-header-display":"","site-post-title":"","ast-breadcrumbs-content":"","ast-featured-img":"","footer-sml-layout":"","ast-disable-related-posts":"","theme-transparent-header-meta":"","adv-header-id-meta":"","stick-header-meta":"","header-above-stick-meta":"","header-main-stick-meta":"","header-below-stick-meta":"","astra-migrate-meta-layouts":"default","ast-page-background-enabled":"default","ast-page-background-meta":{"desktop":{"background-color":"","background-image":"","background-repeat":"repeat","background-position":"center center","background-size":"auto","background-attachment":"scroll","background-type":"","background-media":"","overlay-type":"","overlay-color":"","overlay-opacity":"","overlay-gradient":""},"tablet":{"background-color":"","background-image":"","background-repeat":"repeat","background-position":"center center","background-size":"auto","background-attachment":"scroll","background-type":"","background-media":"","overlay-type":"","overlay-color":"","overlay-opacity":"","overlay-gradient":""},"mobile":{"background-color":"","background-image":"","background-repeat":"repeat","background-position":"center center","background-size":"auto","background-attachment":"scroll","background-type":"","background-media":"","overlay-type":"","overlay-color":"","overlay-opacity":"","overlay-gradient":""}},"ast-content-background-meta":{"desktop":{"background-color":"var(--ast-global-color-5)","background-image":"","background-repeat":"repeat","background-position":"center center","background-size":"auto","background-attachment":"scroll","background-type":"","background-media":"","overlay-type":"","overlay-color":"","overlay-opacity":"","overlay-gradient":""},"tablet":{"background-color":"var(--ast-global-color-5)","background-image":"","background-repeat":"repeat","background-position":"center center","background-size":"auto","background-attachment":"scroll","background-type":"","background-media":"","overlay-type":"","overlay-color":"","overlay-opacity":"","overlay-gradient":""},"mobile":{"background-color":"var(--ast-global-color-5)","background-image":"","background-repeat":"repeat","background-position":"center center","background-size":"auto","background-attachment":"scroll","background-type":"","background-media":"","overlay-type":"","overlay-color":"","overlay-opacity":"","overlay-gradient":""}},"footnotes":""},"class_list":["post-15326","page","type-page","status-publish","hentry"],"_links":{"self":[{"href":"https:\/\/bintumani.de\/en\/wp-json\/wp\/v2\/pages\/15326","targetHints":{"allow":["GET"]}}],"collection":[{"href":"https:\/\/bintumani.de\/en\/wp-json\/wp\/v2\/pages"}],"about":[{"href":"https:\/\/bintumani.de\/en\/wp-json\/wp\/v2\/types\/page"}],"author":[{"embeddable":true,"href":"https:\/\/bintumani.de\/en\/wp-json\/wp\/v2\/users\/1"}],"replies":[{"embeddable":true,"href":"https:\/\/bintumani.de\/en\/wp-json\/wp\/v2\/comments?post=15326"}],"version-history":[{"count":4,"href":"https:\/\/bintumani.de\/en\/wp-json\/wp\/v2\/pages\/15326\/revisions"}],"predecessor-version":[{"id":15331,"href":"https:\/\/bintumani.de\/en\/wp-json\/wp\/v2\/pages\/15326\/revisions\/15331"}],"wp:attachment":[{"href":"https:\/\/bintumani.de\/en\/wp-json\/wp\/v2\/media?parent=15326"}],"curies":[{"name":"wp","href":"https:\/\/api.w.org\/{rel}","templated":true}]}}