{"id":17467,"date":"2021-02-26T18:41:49","date_gmt":"2021-02-26T17:41:49","guid":{"rendered":"https:\/\/bintumani.de\/?page_id=17467"},"modified":"2021-02-26T18:49:16","modified_gmt":"2021-02-26T17:49:16","slug":"gewinnerprojekt-enspire-award","status":"publish","type":"page","link":"https:\/\/bintumani.de\/en\/gewinnerprojekt-enspire-award\/","title":{"rendered":"Gewinnerprojekt Enspire Award"},"content":{"rendered":"\t\t<div data-elementor-type=\"wp-page\" data-elementor-id=\"17467\" class=\"elementor elementor-17467\" data-elementor-post-type=\"page\">\n\t\t\t\t\t\t<section class=\"elementor-section elementor-top-section elementor-element elementor-element-85e91ee elementor-section-boxed elementor-section-height-default elementor-section-height-default\" data-id=\"85e91ee\" data-element_type=\"section\" data-e-type=\"section\">\n\t\t\t\t\t\t<div class=\"elementor-container elementor-column-gap-default\">\n\t\t\t\t\t<div class=\"elementor-column elementor-col-100 elementor-top-column elementor-element elementor-element-81cae48\" data-id=\"81cae48\" data-element_type=\"column\" data-e-type=\"column\">\n\t\t\t<div class=\"elementor-widget-wrap elementor-element-populated\">\n\t\t\t\t\t\t<div class=\"elementor-element elementor-element-7dc1ce4 elementor-widget elementor-widget-spacer\" data-id=\"7dc1ce4\" data-element_type=\"widget\" data-e-type=\"widget\" data-widget_type=\"spacer.default\">\n\t\t\t\t<div class=\"elementor-widget-container\">\n\t\t\t\t\t\t\t<div class=\"elementor-spacer\">\n\t\t\t<div class=\"elementor-spacer-inner\"><\/div>\n\t\t<\/div>\n\t\t\t\t\t\t<\/div>\n\t\t\t\t<\/div>\n\t\t\t\t\t<\/div>\n\t\t<\/div>\n\t\t\t\t\t<\/div>\n\t\t<\/section>\n\t\t\t\t<section class=\"elementor-section elementor-top-section elementor-element elementor-element-db388f3 elementor-section-boxed elementor-section-height-default elementor-section-height-default\" data-id=\"db388f3\" data-element_type=\"section\" data-e-type=\"section\">\n\t\t\t\t\t\t<div class=\"elementor-container elementor-column-gap-default\">\n\t\t\t\t\t<div class=\"elementor-column elementor-col-100 elementor-top-column elementor-element elementor-element-2603fd6\" data-id=\"2603fd6\" data-element_type=\"column\" data-e-type=\"column\">\n\t\t\t<div class=\"elementor-widget-wrap elementor-element-populated\">\n\t\t\t\t\t\t<div class=\"elementor-element elementor-element-ac9fb2b elementor-widget elementor-widget-text-editor\" data-id=\"ac9fb2b\" data-element_type=\"widget\" data-e-type=\"widget\" data-widget_type=\"text-editor.default\">\n\t\t\t\t<div class=\"elementor-widget-container\">\n\t\t\t\t\t\t\t\t\t<p><b>Das Gewinnerprojekt<\/b><\/p><p>Mit dem Preisgeld wird Meni Curve, einem kleinen Ort im Nordosten des Landes Sierra Leone in Westafrika, die eigenst\u00e4ndige Energieversorgung erm\u00f6glicht. Das Dorf wird 2016\/2017 mit Photovoltaik-Anlagen ausgestattet und verf\u00fcgt dann \u00fcber Solarstrom aus erneuerbaren Energien. Die Anlagen der H\u00e4user werden mit einer speziell entwickelten Hard- und Softwarebox ausgestattet. Diese Boxen erm\u00f6glichen die Vernetzung der einzelnen PV-Anlagen, so dass ein intelligentes, dezentrales Stromnetz entsteht. Die Installation und Wartung der Systeme wird durch den regionalen Projektpartner Barefoot Solar Women Engineers durchgef\u00fchrt.<\/p><p>Das innovative Smart Grid erm\u00f6glicht den Bewohnern des Dorfes den Handel mit selbst erzeugtem Solarstrom: So k\u00f6nnen sie Strom, den sie nicht ben\u00f6tigen, an ihre Nachbarn verkaufen. Diese zus\u00e4tzliche Einnahmequelle hilft den Bewohnern bei der Finanzierung der eigenen Solaranlage. Au\u00dferdem erm\u00f6glicht das System, dass die Bewohner Strom zukaufen k\u00f6nnen, falls der Bedarf durch das eigene PV-System nicht gedeckt wird.<\/p><p>Die vorhandene Energie kann durch die Vernetzung der einzelnen Anlagen volkswirtschaftlicher genutzt und die Investitionskosten pro verbrauchter Kilowattstunde k\u00f6nnen so gesenkt werden. Dies wiederum schafft neue Investitionsm\u00f6glichkeiten, etwa f\u00fcr einen solar-betriebenen Trinkwasser-Brunnen oder elektrisch betriebene Kleinstwerkzeuge f\u00fcr die Produktion. Die Kosten f\u00fcr das Projekt k\u00f6nnen mit den 5.000 Euro F\u00f6rdergeld des Enspire Awards abgedeckt werden.<\/p><p>Infos zum Gr\u00fcner Strom-Label:<\/p><p>Es ist das \u00c3lteste und anspruchsvollste G\u00fctesiegel in Deutschland sowie das einzige, das von Umweltverb\u00e4nden getragen wird. Zentrale Kriterien der Zertifizierung sind die Herkunft des \u00d6kostroms und die F\u00f6rderung des Ausbaus erneuerbarer Energien durch einen festen Betrag je verkaufter Kilowattstunde. Infos: www.gruenerstromlabel.de<\/p><p>Infos zum Enspire Award:<\/p><p>Hinter dem Enspire Award steckt die bundesweite \u00d6kostrom-Marke der Stadtwerke Konstanz. Enspire Energie liefert nat\u00fcrlcihen Strom aus 100 Prozent deutscher Wasserkraft und ist mit dem Gr\u00fcner Strom-Label ausgezeichnet. Im Rahmen der Zertifizierung wird das Gewinner-Projekt gef\u00f6rdert. Der Enspire Award, gegr\u00fcndet mit dem Ziel erneuerbare Energien in Schwellen- und Entwicklungsl\u00e4ndern ausserhalb der EU zu etablieren, wurde 2016 bereits zum dritten Mal vergeben. Infos: www.enspire-energie.de\/award-entwicklungszu-sammenarbeit.de<\/p><p>Infos zum Verein Bintumani:\u00a0<\/p><p>Der Verein Bintumani wurde 1998 von deutschen und sierra-leonischen B\u00fcrgern gegr\u00fcndet. Die sozialen und wirtschaftlichen Folgen des bis 2002 andauernden B\u00fcrgerkriegs f\u00fcr Sierra-Leone sind immens. Von der Gr\u00fcndungszeit des Vereins bis heute hat Bintumani zehn \u00dcberseecontainer mit Hilfsg\u00fctern an die Partnerorganisationen in Sierra-Leone \u00fcbergeben. In vielen Vor-Ort-Besuchen unterst\u00fctze Bintumani die Partner mit Knowhow und Tatkraft. Beispielsweise wurden Schulungen des medizinischen Personals durchgef\u00fchrt; deutsche \u00c4rzte operierten im Bereich der Kinderchirurgie. Aktuell liegt der Fokus auf der nachhaltigen Weiterentwicklung Sierra Leones. Dabei spielt die Energietechnik eine wichtige Rolle<\/p>\t\t\t\t\t\t\t\t<\/div>\n\t\t\t\t<\/div>\n\t\t\t\t\t<\/div>\n\t\t<\/div>\n\t\t\t\t\t<\/div>\n\t\t<\/section>\n\t\t\t\t<\/div>\n\t\t","protected":false},"excerpt":{"rendered":"<p>Das Gewinnerprojekt Mit dem Preisgeld wird Meni Curve, einem kleinen Ort im Nordosten des Landes Sierra Leone in Westafrika, die eigenst\u00e4ndige Energieversorgung erm\u00f6glicht. Das Dorf wird 2016\/2017 mit Photovoltaik-Anlagen ausgestattet und verf\u00fcgt dann \u00fcber Solarstrom aus erneuerbaren Energien. Die Anlagen der H\u00e4user werden mit einer speziell entwickelten Hard- und Softwarebox ausgestattet. Diese Boxen erm\u00f6glichen die [&hellip;]<\/p>\n","protected":false},"author":1,"featured_media":0,"parent":0,"menu_order":0,"comment_status":"closed","ping_status":"closed","template":"","meta":{"site-sidebar-layout":"no-sidebar","site-content-layout":"page-builder","ast-site-content-layout":"default","site-content-style":"default","site-sidebar-style":"default","ast-global-header-display":"","ast-banner-title-visibility":"","ast-main-header-display":"","ast-hfb-above-header-display":"","ast-hfb-below-header-display":"","ast-hfb-mobile-header-display":"","site-post-title":"disabled","ast-breadcrumbs-content":"","ast-featured-img":"disabled","footer-sml-layout":"","ast-disable-related-posts":"","theme-transparent-header-meta":"default","adv-header-id-meta":"","stick-header-meta":"","header-above-stick-meta":"","header-main-stick-meta":"","header-below-stick-meta":"","astra-migrate-meta-layouts":"default","ast-page-background-enabled":"default","ast-page-background-meta":{"desktop":{"background-color":"","background-image":"","background-repeat":"repeat","background-position":"center center","background-size":"auto","background-attachment":"scroll","background-type":"","background-media":"","overlay-type":"","overlay-color":"","overlay-opacity":"","overlay-gradient":""},"tablet":{"background-color":"","background-image":"","background-repeat":"repeat","background-position":"center center","background-size":"auto","background-attachment":"scroll","background-type":"","background-media":"","overlay-type":"","overlay-color":"","overlay-opacity":"","overlay-gradient":""},"mobile":{"background-color":"","background-image":"","background-repeat":"repeat","background-position":"center center","background-size":"auto","background-attachment":"scroll","background-type":"","background-media":"","overlay-type":"","overlay-color":"","overlay-opacity":"","overlay-gradient":""}},"ast-content-background-meta":{"desktop":{"background-color":"var(--ast-global-color-5)","background-image":"","background-repeat":"repeat","background-position":"center center","background-size":"auto","background-attachment":"scroll","background-type":"","background-media":"","overlay-type":"","overlay-color":"","overlay-opacity":"","overlay-gradient":""},"tablet":{"background-color":"var(--ast-global-color-5)","background-image":"","background-repeat":"repeat","background-position":"center center","background-size":"auto","background-attachment":"scroll","background-type":"","background-media":"","overlay-type":"","overlay-color":"","overlay-opacity":"","overlay-gradient":""},"mobile":{"background-color":"var(--ast-global-color-5)","background-image":"","background-repeat":"repeat","background-position":"center center","background-size":"auto","background-attachment":"scroll","background-type":"","background-media":"","overlay-type":"","overlay-color":"","overlay-opacity":"","overlay-gradient":""}},"footnotes":""},"class_list":["post-17467","page","type-page","status-publish","hentry"],"_links":{"self":[{"href":"https:\/\/bintumani.de\/en\/wp-json\/wp\/v2\/pages\/17467","targetHints":{"allow":["GET"]}}],"collection":[{"href":"https:\/\/bintumani.de\/en\/wp-json\/wp\/v2\/pages"}],"about":[{"href":"https:\/\/bintumani.de\/en\/wp-json\/wp\/v2\/types\/page"}],"author":[{"embeddable":true,"href":"https:\/\/bintumani.de\/en\/wp-json\/wp\/v2\/users\/1"}],"replies":[{"embeddable":true,"href":"https:\/\/bintumani.de\/en\/wp-json\/wp\/v2\/comments?post=17467"}],"version-history":[{"count":5,"href":"https:\/\/bintumani.de\/en\/wp-json\/wp\/v2\/pages\/17467\/revisions"}],"predecessor-version":[{"id":17480,"href":"https:\/\/bintumani.de\/en\/wp-json\/wp\/v2\/pages\/17467\/revisions\/17480"}],"wp:attachment":[{"href":"https:\/\/bintumani.de\/en\/wp-json\/wp\/v2\/media?parent=17467"}],"curies":[{"name":"wp","href":"https:\/\/api.w.org\/{rel}","templated":true}]}}