{"id":2613,"date":"2017-04-17T18:13:59","date_gmt":"2017-04-17T16:13:59","guid":{"rendered":"http:\/\/bintumani.de\/?page_id=2613"},"modified":"2021-03-01T19:09:20","modified_gmt":"2021-03-01T18:09:20","slug":"kinderchirurgie-2017","status":"publish","type":"page","link":"https:\/\/bintumani.de\/en\/projekte\/bintumani-projekte-gesundheit\/kinderchirurgie-in-sierra-leone\/kinderchirurgie-2017\/","title":{"rendered":"Kinderchirurgie 2017"},"content":{"rendered":"\n<figure class=\"wp-block-image\"><img decoding=\"async\" src=\"https:\/\/bintumani.de\/wp-content\/uploads\/2019\/02\/image-3-1024x813.png\" alt=\"\" class=\"wp-image-4295\"\/><\/figure>\n\n\n\n<p><strong>Kurzbericht \u00fcber den 6. humanit\u00e4ren kinderchirurgischen Einsatz in Sierra Leone<\/strong><\/p>\n<p>Seit 2010 f\u00e4hrt ein Team von \u00c4rzten in unterschiedlicher Zusammensetzung zu einer zwei Wochen dauernden kinderchirurgischen Einsatz nach Sierra Leone ,um Kinder und Jugendliche im Alter zwischen 0 und 18 zu operieren. Diese Eins\u00e4tze werden durch Spenden finanziert und von Bintumani D-SL German Sierra Leone Society getragen.<\/p>\n<p>Wegen der Ebolaepidemie in dem Land von 2014 bis Anfang 2016 wurden die Eins\u00e4tze ausgesetzt.<\/p>\n<p>Der diesj\u00e4hrige Einsatz fand vom 10.-24.M\u00e4rz statt.<br \/>Die Gruppe bestand aus:<\/p>\n<p>-Dr. Tilman Gresing, Kinderchirurg und Chefarzt der Kinderchirurgie am ev. Krankenhaus Lippstadt<br \/>-Dr. Ibrahim Al-Naieb, Kinderchirurg.i.R aus Kassel<br \/>-Dr. Volker Dreimann , Plastischer Chirurg und Chefarzt der Abteilung f\u00fcr plastische Chirurgie am ev. Krankenhaus Lippstadt<br \/>-Dr. Sara Al-Naieb, Assistenz\u00e4rztin der Kinderchirurgie in der Kinderklinik, Hannover<br \/>-Dr. Kathrin R\u00fc\u00dfe, Arzt f\u00fcr An\u00e4sthesie, Klinikum Kassel<br \/>-Frau Esther K\u00e4ufler, An\u00e4sthesieschwester, Kinderklinik des Klinikums Kassel<br \/>-Dr. Morley Wright, Kinderarzt i.R und Programmkoordinator<br \/>-Frau Madeleine Martin,Mitglied von L\u00f6we f\u00fcr L\u00f6we und Koordinator und Planung in Freetown.<\/p>\n<p>Die Rekrutierung und Sichtung der Patienten erfolgte unter Mitwirkung von Dr. Jeraldine George, Dr. Aiah Lebbie, Dr. Mbaimba Baryoh , Choithrams Hospital und Mitarbeiter der Lion for Lion\u00a0Gesundheitsstation.nach Bekanntmachung \u00fcber Radio und Fernsehen\u00a0<\/p>\n<p>Die Operationen wurden im Choithram Hospital durchgef\u00fchrt und es war in den meisten Tagen m\u00f6glich , in zwei Operationss\u00e4len zu arbeiten, da wir auch eine eigene An\u00e4sthesiemannschaft hatten. Im Krankenhaus haben uns zwei einheimischen Kollegen\u00a0begleitet.<\/p>\n<p>An dieser Stelle m\u00f6chten wir unseren Dank an die Kollegen im Choithram Hospital f\u00fcr Ihre Unterst\u00fczung und Mitwirkung zum Ausdruck bringen<\/p>\n<p>Es wurden 77 Operationen an 73 Kindern durchgef\u00fchrt. Das j\u00fcngste Kind war 6 Monate alt und das \u00e4lteste 15 Jahre alt.Am meisten vertreten waren Leisten\/Nabelhernien und Kontrakturen nach Verbrennungen. Diese Zahl \u00fcbertrifft das anvisierte Ziel von 50 Operationen. Medikamente und Material wurden entweder mitgenommen oder vor Ort besorgt, wobei wir gezwungen wurden, etliches vom Choithram Hospital zu nehmen.Um \u00dcbergep\u00e4ck zu vermeiden, hatten wir das Volumen des mitgenommenen Materials eingeschr\u00e4nkt,.da es uns nicht gelungen war, zus\u00e4tzliches Freigep\u00e4ck von den Fluggesellschaften zu bekommen.DiesesVorgehen soll in Zukunft \u00fcberdacht werden,um zu vermeiden, da\u00df man vor Ort zu viel Material teurer besorgen mu\u00df.<\/p>\n<p>Im Rahmen\u00a0 einer Radiosendung zu Gesundheitsthemen, die von Lion for Lion\u00a0betrieben wird und von Bintumani D-SL finanziert wird, behandelten Dr. Wright und Schwester Joan am 18.03 das Thema <a href=\"https:\/\/www.dropbox.com\/s\/itr8dv6jph8i46c\/34%20Convulsion%20and%20Epilepsy%20in%20Children%2018th%20Mar%202017.mp3?dl=0\" target=\"_blank\" rel=\"noopener noreferrer\">\u201eFieberkr\u00e4mpfe und Epilepsie\u201c.<\/a><\/p>\n<p>Ein Jugendlicher mit einem Hodentumor, der sich als b\u00f6sartig erwiesen hat, konnte zwar operiert werden, aber die Weiterbehandlung ist in Sierra Leone leider nicht gew\u00e4hrleistet.<\/p>\n<p>Es ist vorgesehen, den Kinderchirurgischen Einsatz 2018 zu wiederholen. Hierbei soll ein Augenmerk auf Kostenreduktion und weiterer Schulung gerichtet werden.<\/p>\n<p>Die Nachsorge der Patienten wird von Dr. Baryoh und seiner Mannschaft \u00fcbernommen.<\/p>\n<p>Wir sind weiterhin auf tatkr\u00e4ftige finanzielle Unterst\u00fctzung durch Spenden. angewiesen.<\/p>\n<p>Dr. Morley Wright<br \/>Koordinator<\/p>\n\n\n\n<ul class=\"wp-block-gallery columns-2 is-cropped wp-block-gallery-2 is-layout-flex wp-block-gallery-is-layout-flex\"><li class=\"blocks-gallery-item\"><figure><img fetchpriority=\"high\" decoding=\"async\" width=\"1024\" height=\"768\" src=\"http:\/\/bintumani.de\/wp-content\/uploads\/2017\/04\/IMG_9722-1024x768.jpg\" alt=\"\" data-id=\"2620\" data-link=\"http:\/\/bintumani.de\/kinderchirurgie-2017\/img_9722\/\" class=\"wp-image-2620\" srcset=\"https:\/\/bintumani.de\/wp-content\/uploads\/2017\/04\/IMG_9722-1024x768.jpg 1024w, https:\/\/bintumani.de\/wp-content\/uploads\/2017\/04\/IMG_9722-300x225.jpg 300w, https:\/\/bintumani.de\/wp-content\/uploads\/2017\/04\/IMG_9722-150x113.jpg 150w, https:\/\/bintumani.de\/wp-content\/uploads\/2017\/04\/IMG_9722-768x576.jpg 768w, https:\/\/bintumani.de\/wp-content\/uploads\/2017\/04\/IMG_9722.jpg 1280w\" sizes=\"(max-width: 1024px) 100vw, 1024px\" \/><\/figure><\/li><li class=\"blocks-gallery-item\"><figure><img decoding=\"async\" width=\"1024\" height=\"726\" src=\"http:\/\/bintumani.de\/wp-content\/uploads\/2017\/04\/IMG-20170318-WA0004-1024x726.jpg\" alt=\"\" data-id=\"2616\" data-link=\"http:\/\/bintumani.de\/kinderchirurgie-2017\/img-20170318-wa0004\/\" class=\"wp-image-2616\" srcset=\"https:\/\/bintumani.de\/wp-content\/uploads\/2017\/04\/IMG-20170318-WA0004-1024x726.jpg 1024w, https:\/\/bintumani.de\/wp-content\/uploads\/2017\/04\/IMG-20170318-WA0004-300x213.jpg 300w, https:\/\/bintumani.de\/wp-content\/uploads\/2017\/04\/IMG-20170318-WA0004-150x106.jpg 150w, https:\/\/bintumani.de\/wp-content\/uploads\/2017\/04\/IMG-20170318-WA0004-768x544.jpg 768w, https:\/\/bintumani.de\/wp-content\/uploads\/2017\/04\/IMG-20170318-WA0004-1536x1089.jpg 1536w, https:\/\/bintumani.de\/wp-content\/uploads\/2017\/04\/IMG-20170318-WA0004-1320x936.jpg 1320w, https:\/\/bintumani.de\/wp-content\/uploads\/2017\/04\/IMG-20170318-WA0004.jpg 1600w\" sizes=\"(max-width: 1024px) 100vw, 1024px\" \/><\/figure><\/li><\/ul>\n","protected":false},"excerpt":{"rendered":"","protected":false},"author":1,"featured_media":0,"parent":462,"menu_order":0,"comment_status":"closed","ping_status":"closed","template":"","meta":{"site-sidebar-layout":"default","site-content-layout":"","ast-site-content-layout":"default","site-content-style":"default","site-sidebar-style":"default","ast-global-header-display":"","ast-banner-title-visibility":"","ast-main-header-display":"","ast-hfb-above-header-display":"","ast-hfb-below-header-display":"","ast-hfb-mobile-header-display":"","site-post-title":"","ast-breadcrumbs-content":"","ast-featured-img":"","footer-sml-layout":"","ast-disable-related-posts":"","theme-transparent-header-meta":"","adv-header-id-meta":"","stick-header-meta":"","header-above-stick-meta":"","header-main-stick-meta":"","header-below-stick-meta":"","astra-migrate-meta-layouts":"default","ast-page-background-enabled":"default","ast-page-background-meta":{"desktop":{"background-color":"","background-image":"","background-repeat":"repeat","background-position":"center center","background-size":"auto","background-attachment":"scroll","background-type":"","background-media":"","overlay-type":"","overlay-color":"","overlay-opacity":"","overlay-gradient":""},"tablet":{"background-color":"","background-image":"","background-repeat":"repeat","background-position":"center center","background-size":"auto","background-attachment":"scroll","background-type":"","background-media":"","overlay-type":"","overlay-color":"","overlay-opacity":"","overlay-gradient":""},"mobile":{"background-color":"","background-image":"","background-repeat":"repeat","background-position":"center center","background-size":"auto","background-attachment":"scroll","background-type":"","background-media":"","overlay-type":"","overlay-color":"","overlay-opacity":"","overlay-gradient":""}},"ast-content-background-meta":{"desktop":{"background-color":"var(--ast-global-color-5)","background-image":"","background-repeat":"repeat","background-position":"center center","background-size":"auto","background-attachment":"scroll","background-type":"","background-media":"","overlay-type":"","overlay-color":"","overlay-opacity":"","overlay-gradient":""},"tablet":{"background-color":"var(--ast-global-color-5)","background-image":"","background-repeat":"repeat","background-position":"center center","background-size":"auto","background-attachment":"scroll","background-type":"","background-media":"","overlay-type":"","overlay-color":"","overlay-opacity":"","overlay-gradient":""},"mobile":{"background-color":"var(--ast-global-color-5)","background-image":"","background-repeat":"repeat","background-position":"center center","background-size":"auto","background-attachment":"scroll","background-type":"","background-media":"","overlay-type":"","overlay-color":"","overlay-opacity":"","overlay-gradient":""}},"footnotes":""},"class_list":["post-2613","page","type-page","status-publish","hentry"],"_links":{"self":[{"href":"https:\/\/bintumani.de\/en\/wp-json\/wp\/v2\/pages\/2613","targetHints":{"allow":["GET"]}}],"collection":[{"href":"https:\/\/bintumani.de\/en\/wp-json\/wp\/v2\/pages"}],"about":[{"href":"https:\/\/bintumani.de\/en\/wp-json\/wp\/v2\/types\/page"}],"author":[{"embeddable":true,"href":"https:\/\/bintumani.de\/en\/wp-json\/wp\/v2\/users\/1"}],"replies":[{"embeddable":true,"href":"https:\/\/bintumani.de\/en\/wp-json\/wp\/v2\/comments?post=2613"}],"version-history":[{"count":9,"href":"https:\/\/bintumani.de\/en\/wp-json\/wp\/v2\/pages\/2613\/revisions"}],"predecessor-version":[{"id":11992,"href":"https:\/\/bintumani.de\/en\/wp-json\/wp\/v2\/pages\/2613\/revisions\/11992"}],"up":[{"embeddable":true,"href":"https:\/\/bintumani.de\/en\/wp-json\/wp\/v2\/pages\/462"}],"wp:attachment":[{"href":"https:\/\/bintumani.de\/en\/wp-json\/wp\/v2\/media?parent=2613"}],"curies":[{"name":"wp","href":"https:\/\/api.w.org\/{rel}","templated":true}]}}