{"id":279,"date":"2014-09-03T21:22:34","date_gmt":"2014-09-03T19:22:34","guid":{"rendered":"http:\/\/bintumani.de\/?page_id=279"},"modified":"2021-02-12T00:17:46","modified_gmt":"2021-02-11T23:17:46","slug":"wer-sind-wir","status":"publish","type":"page","link":"https:\/\/bintumani.de\/en\/wer-sind-wir\/","title":{"rendered":"Wer sind wir"},"content":{"rendered":"\t\t<div data-elementor-type=\"wp-page\" data-elementor-id=\"279\" class=\"elementor elementor-279\" data-elementor-post-type=\"page\">\n\t\t\t\t\t\t<section class=\"elementor-section elementor-top-section elementor-element elementor-element-be008d2 elementor-section-boxed elementor-section-height-default elementor-section-height-default\" data-id=\"be008d2\" data-element_type=\"section\" data-e-type=\"section\">\n\t\t\t\t\t\t<div class=\"elementor-container elementor-column-gap-default\">\n\t\t\t\t\t<div class=\"elementor-column elementor-col-100 elementor-top-column elementor-element elementor-element-d199088\" data-id=\"d199088\" data-element_type=\"column\" data-e-type=\"column\">\n\t\t\t<div class=\"elementor-widget-wrap elementor-element-populated\">\n\t\t\t\t\t\t<div class=\"elementor-element elementor-element-ff7d573 elementor-widget elementor-widget-heading\" data-id=\"ff7d573\" data-element_type=\"widget\" data-e-type=\"widget\" data-widget_type=\"heading.default\">\n\t\t\t\t<div class=\"elementor-widget-container\">\n\t\t\t\t\t<h2 class=\"elementor-heading-title elementor-size-default\"><span style=\"font-size: 14px;font-style: normal;font-weight: 700;white-space: normal\"><span style=\"font-size: 20px\">Bintumani D-SL - German-Sierra Leone Society e.V<\/span>.<\/span><\/h2>\t\t\t\t<\/div>\n\t\t\t\t<\/div>\n\t\t\t\t\t<\/div>\n\t\t<\/div>\n\t\t\t\t\t<\/div>\n\t\t<\/section>\n\t\t\t\t<section class=\"elementor-section elementor-top-section elementor-element elementor-element-788e52c elementor-section-boxed elementor-section-height-default elementor-section-height-default\" data-id=\"788e52c\" data-element_type=\"section\" data-e-type=\"section\">\n\t\t\t\t\t\t<div class=\"elementor-container elementor-column-gap-default\">\n\t\t\t\t\t<div class=\"elementor-column elementor-col-100 elementor-top-column elementor-element elementor-element-b561aff\" data-id=\"b561aff\" data-element_type=\"column\" data-e-type=\"column\">\n\t\t\t<div class=\"elementor-widget-wrap elementor-element-populated\">\n\t\t\t\t\t\t<div class=\"elementor-element elementor-element-657a2cc elementor-widget elementor-widget-text-editor\" data-id=\"657a2cc\" data-element_type=\"widget\" data-e-type=\"widget\" data-widget_type=\"text-editor.default\">\n\t\t\t\t<div class=\"elementor-widget-container\">\n\t\t\t\t\t\t\t\t\t<p><span style=\"color: #000000;\">&#8230;ist ein gemeinn\u00fctziger Verein, der 1998 von Pers\u00f6nlichkeiten in Deutschland und in\u00a0Sierra Leone\u00a0gegr\u00fcndet wurde. Ziel ist die F\u00f6rderung der Beziehungen zwischen Projekten, Institutionen und Personen in Sierra Leone und Deutschland. Schwerpunkte des Erfahrungsaustausches und der humanit\u00e4ren Hilfe sind: Gesundheit, (erneuerbare) Energie, Landwirtschaft, Ausbildung, Handwerk, Begegnungen, kultureller Austausch, Entwicklungshilfe zur Selbsthilfe.<\/span><\/p><p><span style=\"color: #000000;\">In den verschiedenen Projekten engagieren sich neben den Vereinsmitgliedern, \u00c4rzte aus dem gesamten Bundesgebiet, Auszubildende und Lehrer der Hans-B\u00f6ckler-Schule und anderen Berufsbildungseinrichtungen, Menschen im Berufsleben und im Unruhestand.<\/span><br \/><span style=\"color: #000000;\">Jung und Alt \u2013 \u00a0gemeinsam mit dem\u00a0Ziel zu helfen.<\/span><\/p><p><span style=\"color: #000000;\">Zum Vereinsnamen: Bintumani D-SL (andere Schreibweise\u00a0<em>Bintimani<\/em>; auch\u00a0als\u00a0<em>Mount Bintumani<\/em>\u00a0und als Loma Mansa\u00a0bekannt) ist der h\u00f6chste Berg in dem westafrikanischen Staat Sierra Leone. Der Berg mit einer H\u00f6he von 1945 Meter liegt im Gebirgszug Loma\u00a0Mountains. Die von unserem Verein durchaus beabsichtigte Assoziation: Eine gute Perspektive f\u00fcr die Priorit\u00e4ten einer Organisation, weiter Blick, k\u00fchler Kopf.<\/span><\/p>\t\t\t\t\t\t\t\t<\/div>\n\t\t\t\t<\/div>\n\t\t\t\t\t<\/div>\n\t\t<\/div>\n\t\t\t\t\t<\/div>\n\t\t<\/section>\n\t\t\t\t<\/div>\n\t\t","protected":false},"excerpt":{"rendered":"<p>Bintumani D-SL &#8211; German-Sierra Leone Society e.V. &#8230;ist ein gemeinn\u00fctziger Verein, der 1998 von Pers\u00f6nlichkeiten in Deutschland und in&nbsp;Sierra Leone&nbsp;gegr\u00fcndet wurde. Ziel ist die F\u00f6rderung der Beziehungen zwischen Projekten, Institutionen und Personen in Sierra Leone und Deutschland. Schwerpunkte des Erfahrungsaustausches und der humanit\u00e4ren Hilfe sind: Gesundheit, (erneuerbare) Energie, Landwirtschaft, Ausbildung, Handwerk, Begegnungen, kultureller Austausch, Entwicklungshilfe [&hellip;]<\/p>\n","protected":false},"author":1,"featured_media":0,"parent":0,"menu_order":3,"comment_status":"closed","ping_status":"closed","template":"","meta":{"site-sidebar-layout":"default","site-content-layout":"default","ast-site-content-layout":"default","site-content-style":"default","site-sidebar-style":"default","ast-global-header-display":"","ast-banner-title-visibility":"","ast-main-header-display":"","ast-hfb-above-header-display":"","ast-hfb-below-header-display":"","ast-hfb-mobile-header-display":"","site-post-title":"","ast-breadcrumbs-content":"","ast-featured-img":"","footer-sml-layout":"","ast-disable-related-posts":"","theme-transparent-header-meta":"default","adv-header-id-meta":"","stick-header-meta":"","header-above-stick-meta":"","header-main-stick-meta":"","header-below-stick-meta":"","astra-migrate-meta-layouts":"default","ast-page-background-enabled":"default","ast-page-background-meta":{"desktop":{"background-color":"","background-image":"","background-repeat":"repeat","background-position":"center center","background-size":"auto","background-attachment":"scroll","background-type":"","background-media":"","overlay-type":"","overlay-color":"","overlay-opacity":"","overlay-gradient":""},"tablet":{"background-color":"","background-image":"","background-repeat":"repeat","background-position":"center center","background-size":"auto","background-attachment":"scroll","background-type":"","background-media":"","overlay-type":"","overlay-color":"","overlay-opacity":"","overlay-gradient":""},"mobile":{"background-color":"","background-image":"","background-repeat":"repeat","background-position":"center center","background-size":"auto","background-attachment":"scroll","background-type":"","background-media":"","overlay-type":"","overlay-color":"","overlay-opacity":"","overlay-gradient":""}},"ast-content-background-meta":{"desktop":{"background-color":"var(--ast-global-color-5)","background-image":"","background-repeat":"repeat","background-position":"center center","background-size":"auto","background-attachment":"scroll","background-type":"","background-media":"","overlay-type":"","overlay-color":"","overlay-opacity":"","overlay-gradient":""},"tablet":{"background-color":"var(--ast-global-color-5)","background-image":"","background-repeat":"repeat","background-position":"center center","background-size":"auto","background-attachment":"scroll","background-type":"","background-media":"","overlay-type":"","overlay-color":"","overlay-opacity":"","overlay-gradient":""},"mobile":{"background-color":"var(--ast-global-color-5)","background-image":"","background-repeat":"repeat","background-position":"center center","background-size":"auto","background-attachment":"scroll","background-type":"","background-media":"","overlay-type":"","overlay-color":"","overlay-opacity":"","overlay-gradient":""}},"footnotes":""},"class_list":["post-279","page","type-page","status-publish","hentry"],"_links":{"self":[{"href":"https:\/\/bintumani.de\/en\/wp-json\/wp\/v2\/pages\/279","targetHints":{"allow":["GET"]}}],"collection":[{"href":"https:\/\/bintumani.de\/en\/wp-json\/wp\/v2\/pages"}],"about":[{"href":"https:\/\/bintumani.de\/en\/wp-json\/wp\/v2\/types\/page"}],"author":[{"embeddable":true,"href":"https:\/\/bintumani.de\/en\/wp-json\/wp\/v2\/users\/1"}],"replies":[{"embeddable":true,"href":"https:\/\/bintumani.de\/en\/wp-json\/wp\/v2\/comments?post=279"}],"version-history":[{"count":40,"href":"https:\/\/bintumani.de\/en\/wp-json\/wp\/v2\/pages\/279\/revisions"}],"predecessor-version":[{"id":16927,"href":"https:\/\/bintumani.de\/en\/wp-json\/wp\/v2\/pages\/279\/revisions\/16927"}],"wp:attachment":[{"href":"https:\/\/bintumani.de\/en\/wp-json\/wp\/v2\/media?parent=279"}],"curies":[{"name":"wp","href":"https:\/\/api.w.org\/{rel}","templated":true}]}}