{"id":2824,"date":"2014-09-12T17:39:57","date_gmt":"2014-09-12T15:39:57","guid":{"rendered":"http:\/\/bintumani.de\/wer-sind-wir\/partner\/"},"modified":"2020-03-08T16:44:57","modified_gmt":"2020-03-08T15:44:57","slug":"partner","status":"publish","type":"page","link":"https:\/\/bintumani.de\/en\/partner\/","title":{"rendered":"Partner"},"content":{"rendered":"\t\t<div data-elementor-type=\"wp-page\" data-elementor-id=\"2824\" class=\"elementor elementor-2824 elementor-523\" data-elementor-post-type=\"page\">\n\t\t\t\t\t\t<section class=\"elementor-section elementor-top-section elementor-element elementor-element-659f5acf elementor-section-full_width elementor-section-height-default elementor-section-height-default\" data-id=\"659f5acf\" data-element_type=\"section\" data-e-type=\"section\">\n\t\t\t\t\t\t<div class=\"elementor-container elementor-column-gap-default\">\n\t\t\t\t\t<div class=\"elementor-column elementor-col-100 elementor-top-column elementor-element elementor-element-211c7c83\" data-id=\"211c7c83\" data-element_type=\"column\" data-e-type=\"column\">\n\t\t\t<div class=\"elementor-widget-wrap elementor-element-populated\">\n\t\t\t\t\t\t<div class=\"elementor-element elementor-element-5f1573e1 elementor-widget elementor-widget-text-editor\" data-id=\"5f1573e1\" data-element_type=\"widget\" data-e-type=\"widget\" data-widget_type=\"text-editor.default\">\n\t\t\t\t<div class=\"elementor-widget-container\">\n\t\t\t\t\t\t\t\t\t<p><\/p>\n<p>Over the years, we have pursued and implemented our goals and projects with various partners. <\/p>\n<p><strong>Thank you for your cooperation!<\/strong><\/p>\n<ul>\n<li>Hans-B\u00f6ckler-Schule (OSZ Construction Engineering)<\/li>\n<li>Internationaler Bund (f\u00fcr Sozialarbeit)<\/li>\n<li>Engineers without borders<\/li>\n<li>Landesstelle f\u00fcr gewerbliche Berufsf\u00f6rderung in Entwicklungsl\u00e4ndern in Berlin-Zehlendorf<\/li>\n<li>EPIZ Berlin &#8211; Development Policy Education and Information Centre<\/li>\n<li>GTZ, GIZ<\/li>\n<li>ENSA &#8211; Learning to see a world<\/li>\n<li>Children&#8217;s house ADDIS e.V. (for Ethiopia)<\/li>\n<li>Mothers help mothers<\/li>\n<li>Mohamed Salia &#8211; Microcredit Freetown and Mattru Jong<\/li>\n<li>Milton Margai College of Education and Technology in Freetown<\/li>\n<li>tom&#8217;s hardware and DOC Morris, Kiel<\/li>\n<li>ECO PC at JVA Pl\u00f6tzensee, Berlin<\/li>\n<li>women in action in Freetown<\/li>\n<li>KlinSalone, Freetown<\/li>\n<li>T.Althaus (Osnabr\u00fcck,Madagascar)<\/li>\n<li>CVJM R\u00f6dinghausen<\/li>\n<li>YDP &#8211; Youth Development Project in Ogoo-Farm, Sierra Leone<\/li>\n<li>Kruger Foundation<\/li>\n<li>UBC &#8211; United Brethren Church Sierra Leone<\/li>\n<li>Fa. Jensch, Building Locksmith and Key Service S\u00fcd GmbH (Berlin)<\/li>\n<li>Mr. M. Brehm, Freetown<\/li>\n<li>SRH University of Applied Sciences Berlin<\/li>\n<li>barefoot women solar: <br \/><strong>after fraud and theft of 20.000\u20ac by the bw we have ended the cooperation 2018<\/strong><\/li>\n<li>ONE DAY e.V.<\/li>\n<li>Light Salone Innovation<\/li>\n<li>Gertrud Maschke Foundation<\/li>\n<\/ul>\n<p>Visit also our partners: the <a href=\"http:\/\/buecherboxx.com\" target=\"_blank\" rel=\"noopener noreferrer\">B\u00fccherboXX<\/a><\/p>\n<p><strong>Bintumani D-SL is a member of the Evangelical Association of Free Welfare Care <br \/><a href=\"http:\/\/www.diakonie-portal.de\/\" target=\"_blank\" rel=\"noopener noreferrer\">Deaconic work Berlin-Brandenburg-Silesian Upper Lusatia<\/a>.<\/strong><\/p>\n<p><\/p>\n\t\t\t\t\t\t\t\t<\/div>\n\t\t\t\t<\/div>\n\t\t\t\t\t<\/div>\n\t\t<\/div>\n\t\t\t\t\t<\/div>\n\t\t<\/section>\n\t\t\t\t<\/div>\n\t\t","protected":false},"excerpt":{"rendered":"","protected":false},"author":1,"featured_media":0,"parent":0,"menu_order":0,"comment_status":"closed","ping_status":"open","template":"","meta":{"site-sidebar-layout":"default","site-content-layout":"","ast-site-content-layout":"default","site-content-style":"default","site-sidebar-style":"default","ast-global-header-display":"","ast-banner-title-visibility":"","ast-main-header-display":"","ast-hfb-above-header-display":"","ast-hfb-below-header-display":"","ast-hfb-mobile-header-display":"","site-post-title":"","ast-breadcrumbs-content":"","ast-featured-img":"","footer-sml-layout":"","ast-disable-related-posts":"","theme-transparent-header-meta":"","adv-header-id-meta":"","stick-header-meta":"","header-above-stick-meta":"","header-main-stick-meta":"","header-below-stick-meta":"","astra-migrate-meta-layouts":"default","ast-page-background-enabled":"default","ast-page-background-meta":{"desktop":{"background-color":"","background-image":"","background-repeat":"repeat","background-position":"center center","background-size":"auto","background-attachment":"scroll","background-type":"","background-media":"","overlay-type":"","overlay-color":"","overlay-opacity":"","overlay-gradient":""},"tablet":{"background-color":"","background-image":"","background-repeat":"repeat","background-position":"center center","background-size":"auto","background-attachment":"scroll","background-type":"","background-media":"","overlay-type":"","overlay-color":"","overlay-opacity":"","overlay-gradient":""},"mobile":{"background-color":"","background-image":"","background-repeat":"repeat","background-position":"center center","background-size":"auto","background-attachment":"scroll","background-type":"","background-media":"","overlay-type":"","overlay-color":"","overlay-opacity":"","overlay-gradient":""}},"ast-content-background-meta":{"desktop":{"background-color":"var(--ast-global-color-5)","background-image":"","background-repeat":"repeat","background-position":"center center","background-size":"auto","background-attachment":"scroll","background-type":"","background-media":"","overlay-type":"","overlay-color":"","overlay-opacity":"","overlay-gradient":""},"tablet":{"background-color":"var(--ast-global-color-5)","background-image":"","background-repeat":"repeat","background-position":"center center","background-size":"auto","background-attachment":"scroll","background-type":"","background-media":"","overlay-type":"","overlay-color":"","overlay-opacity":"","overlay-gradient":""},"mobile":{"background-color":"var(--ast-global-color-5)","background-image":"","background-repeat":"repeat","background-position":"center center","background-size":"auto","background-attachment":"scroll","background-type":"","background-media":"","overlay-type":"","overlay-color":"","overlay-opacity":"","overlay-gradient":""}},"footnotes":""},"class_list":["post-2824","page","type-page","status-publish","hentry"],"_links":{"self":[{"href":"https:\/\/bintumani.de\/en\/wp-json\/wp\/v2\/pages\/2824","targetHints":{"allow":["GET"]}}],"collection":[{"href":"https:\/\/bintumani.de\/en\/wp-json\/wp\/v2\/pages"}],"about":[{"href":"https:\/\/bintumani.de\/en\/wp-json\/wp\/v2\/types\/page"}],"author":[{"embeddable":true,"href":"https:\/\/bintumani.de\/en\/wp-json\/wp\/v2\/users\/1"}],"replies":[{"embeddable":true,"href":"https:\/\/bintumani.de\/en\/wp-json\/wp\/v2\/comments?post=2824"}],"version-history":[{"count":6,"href":"https:\/\/bintumani.de\/en\/wp-json\/wp\/v2\/pages\/2824\/revisions"}],"predecessor-version":[{"id":13914,"href":"https:\/\/bintumani.de\/en\/wp-json\/wp\/v2\/pages\/2824\/revisions\/13914"}],"wp:attachment":[{"href":"https:\/\/bintumani.de\/en\/wp-json\/wp\/v2\/media?parent=2824"}],"curies":[{"name":"wp","href":"https:\/\/api.w.org\/{rel}","templated":true}]}}