{"id":2876,"date":"2015-05-17T17:39:47","date_gmt":"2015-05-17T15:39:47","guid":{"rendered":"http:\/\/bintumani.de\/spender-verbandskaesten\/"},"modified":"2020-03-16T15:23:01","modified_gmt":"2020-03-16T14:23:01","slug":"spender-verbandskaesten","status":"publish","type":"page","link":"https:\/\/bintumani.de\/en\/spender-verbandskaesten\/","title":{"rendered":"Partner + Dispenser first aid kits"},"content":{"rendered":"\t\t<div data-elementor-type=\"wp-post\" data-elementor-id=\"2876\" class=\"elementor elementor-2876 elementor-1196\" data-elementor-post-type=\"page\">\n\t\t\t\t\t\t<section class=\"elementor-section elementor-top-section elementor-element elementor-element-a675b5c elementor-section-content-middle elementor-section-full_width elementor-section-height-default elementor-section-height-default\" data-id=\"a675b5c\" data-element_type=\"section\" data-e-type=\"section\">\n\t\t\t\t\t\t<div class=\"elementor-container elementor-column-gap-no\">\n\t\t\t\t\t<div class=\"elementor-column elementor-col-50 elementor-top-column elementor-element elementor-element-7704ead\" data-id=\"7704ead\" data-element_type=\"column\" data-e-type=\"column\">\n\t\t\t<div class=\"elementor-widget-wrap elementor-element-populated\">\n\t\t\t\t\t\t<div class=\"elementor-element elementor-element-ec7fba2 elementor-widget elementor-widget-text-editor\" data-id=\"ec7fba2\" data-element_type=\"widget\" data-e-type=\"widget\" data-widget_type=\"text-editor.default\">\n\t\t\t\t<div class=\"elementor-widget-container\">\n\t\t\t\t\t\t\t\t\t<p>our<\/p>\n\t\t\t\t\t\t\t\t<\/div>\n\t\t\t\t<\/div>\n\t\t\t\t<div class=\"elementor-element elementor-element-f1dfc80 elementor-widget elementor-widget-heading\" data-id=\"f1dfc80\" data-element_type=\"widget\" data-e-type=\"widget\" data-widget_type=\"heading.default\">\n\t\t\t\t<div class=\"elementor-widget-container\">\n\t\t\t\t\t<h3 class=\"elementor-heading-title elementor-size-default\">Donations<\/h3>\t\t\t\t<\/div>\n\t\t\t\t<\/div>\n\t\t\t\t<div class=\"elementor-element elementor-element-1dd5725 elementor-widget-divider--separator-type-pattern elementor-widget-divider--no-spacing elementor-widget-divider--view-line elementor-widget elementor-widget-divider\" data-id=\"1dd5725\" data-element_type=\"widget\" data-e-type=\"widget\" data-widget_type=\"divider.default\">\n\t\t\t\t<div class=\"elementor-widget-container\">\n\t\t\t\t\t\t\t<div class=\"elementor-divider\" style=\"--divider-pattern-url: url(&quot;data:image\/svg+xml,%3Csvg xmlns=&#039;http:\/\/www.w3.org\/2000\/svg&#039; preserveAspectRatio=&#039;xMidYMid meet&#039; overflow=&#039;visible&#039; height=&#039;100%&#039; viewBox=&#039;0 0 120 26&#039; fill=&#039;black&#039; stroke=&#039;none&#039;%3E%3Cpath d=&#039;M54,1.6V26h-9V2.5L54,1.6z M69,1.6v23.3L60,26V1.6H69z M24,1.6v23.5l-9-0.6V1.6H24z M30,0l9,0.7v24.5h-9V0z M9,2.5v22H0V3.7L9,2.5z M75,1.6l9,0.9v22h-9V1.6z M99,2.7v21.7h-9V3.8L99,2.7z M114,3.8v20.7l-9-0.5V3.8L114,3.8z&#039;\/%3E%3C\/svg%3E&quot;);\">\n\t\t\t<span class=\"elementor-divider-separator\">\n\t\t\t\t\t\t<\/span>\n\t\t<\/div>\n\t\t\t\t\t\t<\/div>\n\t\t\t\t<\/div>\n\t\t\t\t\t<\/div>\n\t\t<\/div>\n\t\t\t\t<div class=\"elementor-column elementor-col-50 elementor-top-column elementor-element elementor-element-0402c81\" data-id=\"0402c81\" data-element_type=\"column\" data-e-type=\"column\">\n\t\t\t<div class=\"elementor-widget-wrap elementor-element-populated\">\n\t\t\t\t\t\t<section class=\"elementor-section elementor-inner-section elementor-element elementor-element-7e02e8b elementor-section-content-middle elementor-section-full_width elementor-section-height-default elementor-section-height-default\" data-id=\"7e02e8b\" data-element_type=\"section\" data-e-type=\"section\">\n\t\t\t\t\t\t<div class=\"elementor-container elementor-column-gap-default\">\n\t\t\t\t\t<div class=\"elementor-column elementor-col-33 elementor-inner-column elementor-element elementor-element-edacf10\" data-id=\"edacf10\" data-element_type=\"column\" data-e-type=\"column\">\n\t\t\t<div class=\"elementor-widget-wrap elementor-element-populated\">\n\t\t\t\t\t\t<div class=\"elementor-element elementor-element-54b80d6 elementor-widget elementor-widget-counter\" data-id=\"54b80d6\" data-element_type=\"widget\" data-e-type=\"widget\" data-widget_type=\"counter.default\">\n\t\t\t\t<div class=\"elementor-widget-container\">\n\t\t\t\t\t\t\t<div class=\"elementor-counter\">\n\t\t\t<div class=\"elementor-counter-title\">Spender-Innen<\/div>\t\t\t<div class=\"elementor-counter-number-wrapper\">\n\t\t\t\t<span class=\"elementor-counter-number-prefix\"><\/span>\n\t\t\t\t<span class=\"elementor-counter-number\" data-duration=\"2000\" data-to-value=\"208\" data-from-value=\"1\" data-delimiter=\",\">1<\/span>\n\t\t\t\t<span class=\"elementor-counter-number-suffix\"><\/span>\n\t\t\t<\/div>\n\t\t<\/div>\n\t\t\t\t\t\t<\/div>\n\t\t\t\t<\/div>\n\t\t\t\t\t<\/div>\n\t\t<\/div>\n\t\t\t\t<div class=\"elementor-column elementor-col-33 elementor-inner-column elementor-element elementor-element-d9218ce\" data-id=\"d9218ce\" data-element_type=\"column\" data-e-type=\"column\">\n\t\t\t<div class=\"elementor-widget-wrap elementor-element-populated\">\n\t\t\t\t\t\t<div class=\"elementor-element elementor-element-dd55890 elementor-widget__width-inherit elementor-widget elementor-widget-counter\" data-id=\"dd55890\" data-element_type=\"widget\" data-e-type=\"widget\" data-widget_type=\"counter.default\">\n\t\t\t\t<div class=\"elementor-widget-container\">\n\t\t\t\t\t\t\t<div class=\"elementor-counter\">\n\t\t\t<div class=\"elementor-counter-title\">Verbands-k\u00e4sten<\/div>\t\t\t<div class=\"elementor-counter-number-wrapper\">\n\t\t\t\t<span class=\"elementor-counter-number-prefix\"><\/span>\n\t\t\t\t<span class=\"elementor-counter-number\" data-duration=\"2000\" data-to-value=\"2301\" data-from-value=\"1\" data-delimiter=\".\">1<\/span>\n\t\t\t\t<span class=\"elementor-counter-number-suffix\"><\/span>\n\t\t\t<\/div>\n\t\t<\/div>\n\t\t\t\t\t\t<\/div>\n\t\t\t\t<\/div>\n\t\t\t\t\t<\/div>\n\t\t<\/div>\n\t\t\t\t<div class=\"elementor-column elementor-col-33 elementor-inner-column elementor-element elementor-element-8e76ce1\" data-id=\"8e76ce1\" data-element_type=\"column\" data-e-type=\"column\">\n\t\t\t<div class=\"elementor-widget-wrap elementor-element-populated\">\n\t\t\t\t\t\t<div class=\"elementor-element elementor-element-26825df elementor-widget elementor-widget-counter\" data-id=\"26825df\" data-element_type=\"widget\" data-e-type=\"widget\" data-widget_type=\"counter.default\">\n\t\t\t\t<div class=\"elementor-widget-container\">\n\t\t\t\t\t\t\t<div class=\"elementor-counter\">\n\t\t\t<div class=\"elementor-counter-title\">ungef\u00e4hrer Wert<\/div>\t\t\t<div class=\"elementor-counter-number-wrapper\">\n\t\t\t\t<span class=\"elementor-counter-number-prefix\"><\/span>\n\t\t\t\t<span class=\"elementor-counter-number\" data-duration=\"2000\" data-to-value=\"6903\" data-from-value=\"1\" data-delimiter=\".\">1<\/span>\n\t\t\t\t<span class=\"elementor-counter-number-suffix\">\u20ac<\/span>\n\t\t\t<\/div>\n\t\t<\/div>\n\t\t\t\t\t\t<\/div>\n\t\t\t\t<\/div>\n\t\t\t\t\t<\/div>\n\t\t<\/div>\n\t\t\t\t\t<\/div>\n\t\t<\/section>\n\t\t\t\t\t<\/div>\n\t\t<\/div>\n\t\t\t\t\t<\/div>\n\t\t<\/section>\n\t\t\t\t<section class=\"elementor-section elementor-top-section elementor-element elementor-element-9161ee5 elementor-section-full_width elementor-section-height-default elementor-section-height-default\" data-id=\"9161ee5\" data-element_type=\"section\" data-e-type=\"section\">\n\t\t\t\t\t\t<div class=\"elementor-container elementor-column-gap-default\">\n\t\t\t\t\t<div class=\"elementor-column elementor-col-66 elementor-top-column elementor-element elementor-element-d558e7c\" data-id=\"d558e7c\" data-element_type=\"column\" data-e-type=\"column\">\n\t\t\t<div class=\"elementor-widget-wrap elementor-element-populated\">\n\t\t\t\t\t\t<div class=\"elementor-element elementor-element-180854b elementor-widget elementor-widget-image\" data-id=\"180854b\" data-element_type=\"widget\" data-e-type=\"widget\" data-widget_type=\"image.default\">\n\t\t\t\t<div class=\"elementor-widget-container\">\n\t\t\t\t\t\t\t\t\t\t\t\t\t\t\t<img decoding=\"async\" width=\"150\" height=\"103\" src=\"https:\/\/bintumani.de\/wp-content\/uploads\/2014\/09\/logo-e1452167419702.png\" class=\"attachment-full size-full wp-image-2078\" alt=\"\" \/>\t\t\t\t\t\t\t\t\t\t\t\t\t\t\t<\/div>\n\t\t\t\t<\/div>\n\t\t\t\t\t<\/div>\n\t\t<\/div>\n\t\t\t\t<div class=\"elementor-column elementor-col-33 elementor-top-column elementor-element elementor-element-f186f68\" data-id=\"f186f68\" data-element_type=\"column\" data-e-type=\"column\">\n\t\t\t<div class=\"elementor-widget-wrap elementor-element-populated\">\n\t\t\t\t\t\t<div class=\"elementor-element elementor-element-40b0986 elementor-widget elementor-widget-heading\" data-id=\"40b0986\" data-element_type=\"widget\" data-e-type=\"widget\" data-widget_type=\"heading.default\">\n\t\t\t\t<div class=\"elementor-widget-container\">\n\t\t\t\t\t<h2 class=\"elementor-heading-title elementor-size-default\">We would like to thank <br>following donors:<br><\/h2>\t\t\t\t<\/div>\n\t\t\t\t<\/div>\n\t\t\t\t\t<\/div>\n\t\t<\/div>\n\t\t\t\t\t<\/div>\n\t\t<\/section>\n\t\t\t\t<section class=\"elementor-section elementor-top-section elementor-element elementor-element-3bbe4262 elementor-section-full_width elementor-section-height-default elementor-section-height-default\" data-id=\"3bbe4262\" data-element_type=\"section\" data-e-type=\"section\">\n\t\t\t\t\t\t<div class=\"elementor-container elementor-column-gap-default\">\n\t\t\t\t\t<div class=\"elementor-column elementor-col-100 elementor-top-column elementor-element elementor-element-32060cfc\" data-id=\"32060cfc\" data-element_type=\"column\" data-e-type=\"column\">\n\t\t\t<div class=\"elementor-widget-wrap elementor-element-populated\">\n\t\t\t\t\t\t<div class=\"elementor-element elementor-element-3d2da179 elementor-widget elementor-widget-text-editor\" data-id=\"3d2da179\" data-element_type=\"widget\" data-e-type=\"widget\" data-widget_type=\"text-editor.default\">\n\t\t\t\t<div class=\"elementor-widget-container\">\n\t\t\t\t\t\t\t\t\t<p><\/p>\n<p><\/p>\n<\/div>\n<p><!-- \/wp:column --><\/p>\n<p><!-- wp:column --><\/p>\n<div class=\"wp-block-column\">\n<p><!-- wp:tadv\/classic-paragraph --><\/p>\n<ul>\n<li>WIKIMEDIA DEUTSCHLAND, Berlin<\/li>\n<li>Fa. Tews und Partner, Frankfurt\/Oder<\/li>\n<li>Automobile Friedrich, Gr\u00e4felfing<\/li>\n<li>Herr K\u00fchn, Fa Skoda Berlin-Tempelhof <\/li>\n<li>Hempel, Westelstede<\/li>\n<li>B.Haus, Heidesheim<\/li>\n<li>OS-CAR, Gro\u00dfostheim-Ringheim<\/li>\n<li>Riebeling,N\u00fcbbel<\/li>\n<li>S. Hartsberger, M\u00fcnchen<\/li>\n<li>Fa. EvoBus GmbH, Neu-Ulmschwaighofen<\/li>\n<li>C. Porschert, Wendelstein<\/li>\n<li>H. Thierbach<\/li>\n<li>H. Saur, Autohaus Saur, Bernau<\/li>\n<li>B.Ritter, airberlin technik<\/li>\n<li>bortels Automobile, Burgwedel<\/li>\n<li>Frau I. Herrmann, Detmold<\/li>\n<li>U.Pick, Wirtt<\/li>\n<li>Pro Car concept, Dornhan<\/li>\n<li>Herr Gruber, M\u00fcnchen<\/li>\n<li>Frau C.Lauser, Bruchsal<\/li>\n<li>Frau C. Berendt, Berlin<\/li>\n<li>Frau N. Laufenstein<\/li>\n<li>Frau K.Georgi, Schwarzenberg<\/li>\n<li>Frau R.Bar, Kaltenkirchen<\/li>\n<li>Frau G.Storch, DHL Vertrieb Rodgau <\/li>\n<li>Frau Chr. Berendt, Packstation 103<\/li>\n<li>Herr U.V\u00f6lker, Herdecke<\/li>\n<li>Frau M.Gillmann, Hamburg<\/li>\n<li>T. Seidel, Freilassing<\/li>\n<li>Frau P.Nuckel, B\u00f6neb\u00fcttel<\/li>\n<li>A.Gliem,Greifswald<\/li>\n<li>E.Braun<\/li>\n<li>W.Richter, Marktgr\u00f6ningen<\/li>\n<li>Inez Smitkiewitcz, Leipzig<\/li>\n<li>Frau B. Bryknar, <\/li>\n<li>Markant AG, Bielefeld<\/li>\n<li>Ostfriesische Tee Gesellschaft, Seevetal<\/li>\n<li>A. Dotschkal, Offenbach<\/li>\n<li>WLO, Wildeshausen<\/li>\n<li>H. Kappe, Dorsten<\/li>\n<li>Frau Senditzki, BE. Gerlachochum<\/li>\n<li>A. Dotschkal, Offenbach<\/li>\n<li>Fam. Uebele, Wangen<\/li>\n<li>Fa. CBM, Stahnsdorf<\/li>\n<li>Fam. B\u00fchrig, Berlin<\/li>\n<li>S. Schwarz, Leipzig<\/li>\n<li>E. Gerlach, Aschaffenburg<\/li>\n<li>A. von der Heide, Glinde<\/li>\n<li>J.Roth, Eckental<\/li>\n<li>Dr. M. Hammer, Sch\u00f6mberg<\/li>\n<li>F. Prange, Berlin<\/li>\n<li>W.Wilde, Petersberg<\/li>\n<li>T. Pietsch, R\u00f6gling<\/li>\n<li>A.Kusmin, R\u00fcdesheim am Rhein<\/li>\n<li>K.Sterzing, Mittweida<\/li>\n<li>Merikito Spedition, L\u00fcbeck<\/li>\n<li>E. Bieker, Sulzbach<\/li>\n<li>M. J\u00e4ger, Gelsenkirchen<\/li>\n<li>V. Dieterle, Esslingen a. N<\/li>\n<li>B. Stach, H\u00f6chstadt<\/li>\n<li>A. Kaiser, Herne<\/li>\n<li>Fam. Stein, Kirchdorf a.d Amper<\/li>\n<li>E. Veit, Waakirchen<\/li>\n<li>T. Haase, Laatzen<\/li>\n<li>HInger, Horb a.N.<\/li>\n<li>C.+C. Wasserm\u00e9, Bottrop-Kirchhellen<\/li>\n<li>S. Baars, Hittbergen<\/li>\n<li>G. Storch, Obertshausen<\/li>\n<li>P. Wiesenthal, Werl<\/li>\n<li>M+H.D. Schmidt, W\u00fcrselen<\/li>\n<li>Ulla Mix, Dresden<\/li>\n<li>S. Calabrese, Krottelbach<\/li>\n<li>Katharrina K\u00e4ufl, Augsburg<\/li>\n<li>Alexander Leutloff, Berlin<\/li>\n<li>Anita Eichendorf, Remscheid<\/li>\n<li>Kinderladen Spielraum, Frankfurt<\/li>\n<li>R. Kr\u00e4mer, Coburg<\/li>\n<li>Jens Nestler, Schleiden<\/li>\n<li>G.Gullmann, Kerpen<\/li>\n<\/ul>\n<p><!-- \/wp:tadv\/classic-paragraph --><\/p>\n<\/div>\n<p><!-- \/wp:column --><\/p>\n<\/div>\n<p><!-- \/wp:columns --><\/p>\n\t\t\t\t\t\t\t\t<\/div>\n\t\t\t\t<\/div>\n\t\t\t\t\t<\/div>\n\t\t<\/div>\n\t\t\t\t\t<\/div>\n\t\t<\/section>\n\t\t\t\t<\/div>\n\t\t","protected":false},"excerpt":{"rendered":"<p>our Donations 1 Spender-Innen 1 Verbands-k\u00e4sten 1 \u20ac ungef\u00e4hrer Wert We would like to thank following donors: WIKIMEDIA DEUTSCHLAND, Berlin Fa. Tews und Partner, Frankfurt\/Oder Automobile Friedrich, Gr\u00e4felfing Herr K\u00fchn, Fa Skoda Berlin-Tempelhof Hempel, Westelstede B.Haus, Heidesheim OS-CAR, Gro\u00dfostheim-Ringheim Riebeling,N\u00fcbbel S. Hartsberger, M\u00fcnchen Fa. EvoBus GmbH, Neu-Ulmschwaighofen C. Porschert, Wendelstein H. Thierbach H. Saur, Autohaus [&hellip;]<\/p>\n","protected":false},"author":1,"featured_media":0,"parent":0,"menu_order":0,"comment_status":"closed","ping_status":"open","template":"","meta":{"site-sidebar-layout":"default","site-content-layout":"default","ast-site-content-layout":"default","site-content-style":"default","site-sidebar-style":"default","ast-global-header-display":"","ast-banner-title-visibility":"","ast-main-header-display":"","ast-hfb-above-header-display":"","ast-hfb-below-header-display":"","ast-hfb-mobile-header-display":"","site-post-title":"","ast-breadcrumbs-content":"","ast-featured-img":"","footer-sml-layout":"","ast-disable-related-posts":"","theme-transparent-header-meta":"default","adv-header-id-meta":"","stick-header-meta":"","header-above-stick-meta":"","header-main-stick-meta":"","header-below-stick-meta":"","astra-migrate-meta-layouts":"default","ast-page-background-enabled":"default","ast-page-background-meta":{"desktop":{"background-color":"","background-image":"","background-repeat":"repeat","background-position":"center center","background-size":"auto","background-attachment":"scroll","background-type":"","background-media":"","overlay-type":"","overlay-color":"","overlay-opacity":"","overlay-gradient":""},"tablet":{"background-color":"","background-image":"","background-repeat":"repeat","background-position":"center center","background-size":"auto","background-attachment":"scroll","background-type":"","background-media":"","overlay-type":"","overlay-color":"","overlay-opacity":"","overlay-gradient":""},"mobile":{"background-color":"","background-image":"","background-repeat":"repeat","background-position":"center center","background-size":"auto","background-attachment":"scroll","background-type":"","background-media":"","overlay-type":"","overlay-color":"","overlay-opacity":"","overlay-gradient":""}},"ast-content-background-meta":{"desktop":{"background-color":"var(--ast-global-color-5)","background-image":"","background-repeat":"repeat","background-position":"center center","background-size":"auto","background-attachment":"scroll","background-type":"","background-media":"","overlay-type":"","overlay-color":"","overlay-opacity":"","overlay-gradient":""},"tablet":{"background-color":"var(--ast-global-color-5)","background-image":"","background-repeat":"repeat","background-position":"center center","background-size":"auto","background-attachment":"scroll","background-type":"","background-media":"","overlay-type":"","overlay-color":"","overlay-opacity":"","overlay-gradient":""},"mobile":{"background-color":"var(--ast-global-color-5)","background-image":"","background-repeat":"repeat","background-position":"center center","background-size":"auto","background-attachment":"scroll","background-type":"","background-media":"","overlay-type":"","overlay-color":"","overlay-opacity":"","overlay-gradient":""}},"footnotes":""},"class_list":["post-2876","page","type-page","status-publish","hentry"],"_links":{"self":[{"href":"https:\/\/bintumani.de\/en\/wp-json\/wp\/v2\/pages\/2876","targetHints":{"allow":["GET"]}}],"collection":[{"href":"https:\/\/bintumani.de\/en\/wp-json\/wp\/v2\/pages"}],"about":[{"href":"https:\/\/bintumani.de\/en\/wp-json\/wp\/v2\/types\/page"}],"author":[{"embeddable":true,"href":"https:\/\/bintumani.de\/en\/wp-json\/wp\/v2\/users\/1"}],"replies":[{"embeddable":true,"href":"https:\/\/bintumani.de\/en\/wp-json\/wp\/v2\/comments?post=2876"}],"version-history":[{"count":17,"href":"https:\/\/bintumani.de\/en\/wp-json\/wp\/v2\/pages\/2876\/revisions"}],"predecessor-version":[{"id":14251,"href":"https:\/\/bintumani.de\/en\/wp-json\/wp\/v2\/pages\/2876\/revisions\/14251"}],"wp:attachment":[{"href":"https:\/\/bintumani.de\/en\/wp-json\/wp\/v2\/media?parent=2876"}],"curies":[{"name":"wp","href":"https:\/\/api.w.org\/{rel}","templated":true}]}}