{"id":3335,"date":"2018-07-14T12:56:57","date_gmt":"2018-07-14T10:56:57","guid":{"rendered":"http:\/\/bintumani.de\/?page_id=3335"},"modified":"2021-01-04T18:28:29","modified_gmt":"2021-01-04T17:28:29","slug":"kinderchirurgie-2018","status":"publish","type":"page","link":"https:\/\/bintumani.de\/en\/projekte\/bintumani-projekte-gesundheit\/kinderchirurgie-in-sierra-leone\/kinderchirurgie-2018\/","title":{"rendered":"Kinderchirurgie 2018"},"content":{"rendered":"<p>Seit 2010 besucht eine Gruppe von Kinderchirurgen und \u00c4rzten anderer Fachrichtungen Sierra Leone, um dort Kinder zu operieren.Diese Eins\u00e4tze erfolgen einmal j\u00e4hrlich und dauern jeweils zwei Wochen. Das Projekt wird von dem gemeinn\u00fctzigem Verein,,Bintumani D-SL German Sierra Leone Society, der im Jahr 1998 von Sierra Leonern und Deutschen Staatsangeh\u00f6rigen in Berlin gegr\u00fcndet wurde, organisiert und verwaltet. Ein Hauptziel des Vereins ist Hilfeleistung auf den Gebieten der Bildung und Gesundheit in Sierra Leone zu gew\u00e4hren.<\/p>\n<p>Das Team:<br \/>\nWir haben leider auf die mit Beteiligung von zwei Kollegen, die fast immer dabei sind; verzichten m\u00fcssen. Der Facharzt f\u00fcr plastische Chirurgie Herr Dr. Dreimann konnte aus organisatorischen Gr\u00fcnden nicht mitfahren. Auch Dr. Ibrahim Al-Naieb,Facharzt f\u00fcr Kinderchirurgie konnte aus gesundheitlichen Gr\u00fcnden die Reise nicht antreten.<br \/>\nMitglieder der diesj\u00e4hrigen Mannschaft waren:<br \/>\nHerr Dr. Tilman Gresing ,Facharzt \u00a0f\u00fcr; Kinderchirurgie und Chefarzt der Kinderchirurgischen Abteilung im Evangelischen Krankenhaus Lippstadt. Herr Dr. S\u00f6nke Scheunemann,Facharzt f\u00fcr Chirurgie am Evangelischen Krankenhaus Lippstadt<br \/>\nFrau Dr. Esther Lau,Facharzt f\u00fcr Kinderchirurgie in der Klinik f\u00fcr Kinderchirurgie Hannover<br \/>\nFrau Dr. Sarah Al-Naieb \u00a0Arain in Ausbildung Kinderchirurgie in der Kinderklinik Hannover<br \/>\nFrau Dr. Kathrin R\u00fc\u00dfe, Facharzt f\u00fcr An\u00e4sthesie , Klinikum Kassel<br \/>\nFrau Esther K\u00e4ufler, An\u00e4sthesieschwester, Kinderklinik des Klinikums Kassel<br \/>\nHerr Dr. Morley Wright, Kinderarzt aus Kassel und Projektkoordinator<br \/>\nFrau Madeleine Martin ,L\u00f6we f\u00fcr L\u00f6we ,verantwortlich f\u00fcr die Organisation und Koordination in Freetown.<\/p>\n<p>Die Vorbereitung:<\/p>\n<p>Die Eins\u00e4tze werden mit Hilfe von Spenden, die durch einen Ausruf in der Lokalzeitung, Verschicken von Flyers und direkte Kontakte mit potentiellen Spendern gesammelt werden, finanziert.. Hierbei spielt die Unterst\u00fctzung von Kinder\u00e4rzten und Kinder\u00e4rztinnen eine wichtige Rolle. Gro\u00dfe Spendenbetr\u00e4ge erhielten wir vom Verein,,Kinder tanzen f\u00fcr Kinder in Noto&#8221; und auch von Verein ,, Bild hilft eV- Ein Herz f\u00fcr Kinder&#8221;. Schug Medical, eine Firma f\u00fcr Medizinprodukte hat uns mit einer Sachspende mit Medizinprodukten unterst\u00fctzt.<\/p>\n<p>Vorbereitung in Sierra Leone:<\/p>\n<p>Die Rekrutierung und Screening von Patienten erfolgte durch die Kooperation mit dem Choithram Hospital und einigen \u00c4rzten in verschiedenen Einrichtungen. Diese waren:<br \/>\nFrau Dr. Sandra Lako und Frau Dr Jeredine George vom Aberdeen&#8217;Women&#8217;s Centre (Frauenzentrum mit Kinderambulanz)<br \/>\nFrau Dr. Nellie Bell von Ola During Children&#8217;s Hospital (Kinderkrankenhaus)<br \/>\nHerr Dr. Mbaimba Baryoh,Chefarzt der Chirurgie mit seinen Kollegen am Choithram Hospital.<br \/>\nKrankenschwestem des Gesundheitsposten von L\u00f6we f\u00fcr L\u00f6we. eine NGO ausserhalb Freetown Die Verwaltung des Choithram Hospital hatte au\u00dferdem eine Bekanntmachung des Projekts \u00fcber Rundfunk und Fernsehen veranlasst.<\/p>\n<p>Ziele des Projekts<\/p>\n<p>Das prim\u00e4re Ziel des Einsatzes ist die chirurgische Versorgung von Kindern, die aus unterschiedlichen Gr\u00fcnden, teils finanziell aber auch durch fehlende Expertise , nicht behandelt werden k\u00f6nnen. Ein weiteres Ziel ist die informelle Weiterbildung von Assistenz\u00e4rzten, die an den Operationen teilnehmen. Hierbei wollen wir das Interesse f\u00fcr die Disziplin Kinderchirurgie bei den jungen Kollegen wecken.<\/p>\n<p>T\u00e4tigkeit in Sierra Leone<\/p>\n<p>Am Tag nach der Ankunft fand ein Treffen mit Herrn Dr. Baryoh, Chefarzt der Chirurgie und Herrn Dr. Papan. Klinikleiter des Choithram Hospital.<br \/>\nAnschliessend wurden die ersten ausgew\u00e4hlten Patienten untersucht und die Operationslisten f\u00fcr die ersten Tagen fertiggestellt. Uns wurden zwei Assistenz\u00e4rzte, Dr. Thorpe und Dr. Moseray zugeteilt.Es war fast immer m\u00f6glich, f\u00fcr die Operationen zwei Operationss\u00e4le zu benutzen, da wir eine zus\u00e4tzliche An\u00e4sthesiemannschaft hatten. Zudem wurde uns eine neue Bettenstation zu Verf\u00fcgung gestellt.<\/p>\n<p>Es wurden 104 Operationen an 91 Kindrn im Alter zwischen 0 und l4Jahre durchgef\u00fchrt, wobei das j\u00fcngste Kind 6 Wochen alt und das \u00e4lteste 14 Jahre alt war. Am meisten vertreten waren Leistenhernien\/Nabelhernien. Ausserdem geh\u00f6rten Hodenhochstand, Hypospadien und Fistel nach Cirkumcision zu den h\u00e4ufigsten Operationen. Es war nur durch die hervorragende Mitarbeit des Personals sowohl im Operationssaal als auch auf den Stationen.m\u00f6glich, diese Anzahl der Operationen zu bew\u00e4ltigen. Da die mitgenommenen Medikamente und Verbrauchsmaterial f\u00fcr diese Anzahl von Operationen nicht vorgesehen war , war es erforderlich, einige Medikamente lokal zu kaufen oder von Choithram Hospital zu beziehen Obwohl es sich bei Choithram Hospital um ein Privatkrankenhaus handelt, wurden den Kindern die Kosten f\u00fcr die Unterbringung erlassen; lediglich f\u00fcr die Bereitstellung der Verpflegung durch die krankenhauseigene Kantine wurde eine Kostendeckung berechnet Die Behandlung der Kinder war unentgeltlich<\/p>\n<p><a href=\"https:\/\/bintumani.de\/en\/projekte\/bintumani-projekte-gesundheit\/kinderchirurgie-in-sierra-leone\/kinderchirurgie-2018\/bildschirmfoto-2018-07-14-um-12-35-49\/?lang=en\" rel=\"attachment wp-att-3336\"><img fetchpriority=\"high\" decoding=\"async\" class=\"aligncenter wp-image-3336 size-full\" src=\"http:\/\/bintumani.de\/wp-content\/uploads\/2018\/07\/Bildschirmfoto-2018-07-14-um-12.35.49.png\" alt=\"\" width=\"954\" height=\"845\" srcset=\"https:\/\/bintumani.de\/wp-content\/uploads\/2018\/07\/Bildschirmfoto-2018-07-14-um-12.35.49.png 954w, https:\/\/bintumani.de\/wp-content\/uploads\/2018\/07\/Bildschirmfoto-2018-07-14-um-12.35.49-300x266.png 300w, https:\/\/bintumani.de\/wp-content\/uploads\/2018\/07\/Bildschirmfoto-2018-07-14-um-12.35.49-150x133.png 150w, https:\/\/bintumani.de\/wp-content\/uploads\/2018\/07\/Bildschirmfoto-2018-07-14-um-12.35.49-768x680.png 768w\" sizes=\"(max-width: 954px) 100vw, 954px\" \/><\/a>Zusammenfassung<\/p>\n<p>Der Einsatz kann als sehr erfolgreich betrachtet werden..Zum erstem Mal konnte eine so grosse Zahl von Kindern operiert werden.Die Operationsbedingungen, die Mitarbeit des Operations- und des Pflegepersonals haben zu dem guten Erfolg und der Zufriedenheit des Teams beigetragen. Ausserdem ist uns gelungen trotz der hohen Anzahl der operierten Kinder die Kosten f\u00fcr den Einsatz zu senken. Medikamente und sonstiges Material konnten ohne zus\u00e4tzliche Geb\u00fchr f\u00fcr \u00dcbergep\u00e4ck transportiert werden&#8221; Nur einen kleiner Anteil an notwendigen Medikamenten war erforderlich vor Art zu kaufen oder von Choithram Hospital zu beziehen.. Es ist vorgesehen, einen erneuten Einsatz im Jahr 2019 vorzunehmen., der wahrscheinlich wieder in Kooperation mit Choithram Hospital stattfinden wird.<\/p>\n<p>Danksagung<\/p>\n<p>Wir danken allen Spendern, die mit kleinen und gro\u00dfen Betr\u00e4gen dieses Projekt immer wieder unterst\u00fctzen. Besonders hervorheben m\u00f6chten wir die Organisation ,,Kinder tanzen f\u00fcr Kinder in Not, den Verein Bild hilft e.V&#8221;Ein Herz f\u00fcr Kinde &#8216;und Familie Bode in Kassel, die uns mit stattlichen Betr\u00e4gen unterst\u00fctzt haben. F\u00fcr die Organisation und Rekrutierung der Patienten geht unser Dank an Frau Dr. George, Frau Dr. Sandra Lako, Frau Dr. Nellie Bell, Herr Dr. Lebbie und Herr Dr Mbaimba Baryoh und die \u00c4rzte im Choithram Hospital. Hervorzuheben ist der Einsatz des Personals von ,,L\u00f6we f\u00fcr L\u00f6we* nicht nur bei der Rekrutierung der Patienten sondern auch f\u00fcr deren Transport von dem Gesundheitsposten zu Operation und zur\u00fcck. Wir sind der Verwaltung der Choithram Foundation f\u00fcr die M\u00f6glichkeit der Nutzung der Einrichtung und dem Personal des Choithram Hospital f\u00fcr die Mitarbeit in unserem Projekt sehr<\/p>\n","protected":false},"excerpt":{"rendered":"<p>Seit 2010 besucht eine Gruppe von Kinderchirurgen und \u00c4rzten anderer Fachrichtungen Sierra Leone, um dort Kinder zu operieren.Diese Eins\u00e4tze erfolgen einmal j\u00e4hrlich und dauern jeweils zwei Wochen. Das Projekt wird von dem gemeinn\u00fctzigem Verein,,Bintumani D-SL German Sierra Leone Society, der im Jahr 1998 von Sierra Leonern und Deutschen Staatsangeh\u00f6rigen in Berlin gegr\u00fcndet wurde, organisiert und [&hellip;]<\/p>\n","protected":false},"author":1,"featured_media":0,"parent":462,"menu_order":0,"comment_status":"closed","ping_status":"closed","template":"","meta":{"site-sidebar-layout":"default","site-content-layout":"","ast-site-content-layout":"default","site-content-style":"default","site-sidebar-style":"default","ast-global-header-display":"","ast-banner-title-visibility":"","ast-main-header-display":"","ast-hfb-above-header-display":"","ast-hfb-below-header-display":"","ast-hfb-mobile-header-display":"","site-post-title":"","ast-breadcrumbs-content":"","ast-featured-img":"","footer-sml-layout":"","ast-disable-related-posts":"","theme-transparent-header-meta":"","adv-header-id-meta":"","stick-header-meta":"","header-above-stick-meta":"","header-main-stick-meta":"","header-below-stick-meta":"","astra-migrate-meta-layouts":"default","ast-page-background-enabled":"default","ast-page-background-meta":{"desktop":{"background-color":"","background-image":"","background-repeat":"repeat","background-position":"center center","background-size":"auto","background-attachment":"scroll","background-type":"","background-media":"","overlay-type":"","overlay-color":"","overlay-opacity":"","overlay-gradient":""},"tablet":{"background-color":"","background-image":"","background-repeat":"repeat","background-position":"center center","background-size":"auto","background-attachment":"scroll","background-type":"","background-media":"","overlay-type":"","overlay-color":"","overlay-opacity":"","overlay-gradient":""},"mobile":{"background-color":"","background-image":"","background-repeat":"repeat","background-position":"center center","background-size":"auto","background-attachment":"scroll","background-type":"","background-media":"","overlay-type":"","overlay-color":"","overlay-opacity":"","overlay-gradient":""}},"ast-content-background-meta":{"desktop":{"background-color":"var(--ast-global-color-5)","background-image":"","background-repeat":"repeat","background-position":"center center","background-size":"auto","background-attachment":"scroll","background-type":"","background-media":"","overlay-type":"","overlay-color":"","overlay-opacity":"","overlay-gradient":""},"tablet":{"background-color":"var(--ast-global-color-5)","background-image":"","background-repeat":"repeat","background-position":"center center","background-size":"auto","background-attachment":"scroll","background-type":"","background-media":"","overlay-type":"","overlay-color":"","overlay-opacity":"","overlay-gradient":""},"mobile":{"background-color":"var(--ast-global-color-5)","background-image":"","background-repeat":"repeat","background-position":"center center","background-size":"auto","background-attachment":"scroll","background-type":"","background-media":"","overlay-type":"","overlay-color":"","overlay-opacity":"","overlay-gradient":""}},"footnotes":""},"class_list":["post-3335","page","type-page","status-publish","hentry"],"_links":{"self":[{"href":"https:\/\/bintumani.de\/en\/wp-json\/wp\/v2\/pages\/3335","targetHints":{"allow":["GET"]}}],"collection":[{"href":"https:\/\/bintumani.de\/en\/wp-json\/wp\/v2\/pages"}],"about":[{"href":"https:\/\/bintumani.de\/en\/wp-json\/wp\/v2\/types\/page"}],"author":[{"embeddable":true,"href":"https:\/\/bintumani.de\/en\/wp-json\/wp\/v2\/users\/1"}],"replies":[{"embeddable":true,"href":"https:\/\/bintumani.de\/en\/wp-json\/wp\/v2\/comments?post=3335"}],"version-history":[{"count":3,"href":"https:\/\/bintumani.de\/en\/wp-json\/wp\/v2\/pages\/3335\/revisions"}],"predecessor-version":[{"id":16311,"href":"https:\/\/bintumani.de\/en\/wp-json\/wp\/v2\/pages\/3335\/revisions\/16311"}],"up":[{"embeddable":true,"href":"https:\/\/bintumani.de\/en\/wp-json\/wp\/v2\/pages\/462"}],"wp:attachment":[{"href":"https:\/\/bintumani.de\/en\/wp-json\/wp\/v2\/media?parent=3335"}],"curies":[{"name":"wp","href":"https:\/\/api.w.org\/{rel}","templated":true}]}}