{"id":4203,"date":"2019-02-09T14:23:29","date_gmt":"2019-02-09T13:23:29","guid":{"rendered":"http:\/\/bintumani.de\/donations\/"},"modified":"2025-11-28T18:30:43","modified_gmt":"2025-11-28T17:30:43","slug":"donations","status":"publish","type":"page","link":"https:\/\/bintumani.de\/en\/donations\/","title":{"rendered":"Donations"},"content":{"rendered":"\t\t<div data-elementor-type=\"wp-page\" data-elementor-id=\"4203\" class=\"elementor elementor-4203 elementor-4062\" data-elementor-post-type=\"page\">\n\t\t\t\t\t\t<section class=\"elementor-section elementor-top-section elementor-element elementor-element-eea08d8 elementor-section-full_width elementor-section-height-default elementor-section-height-default\" data-id=\"eea08d8\" data-element_type=\"section\" data-e-type=\"section\" data-settings=\"{&quot;background_background&quot;:&quot;classic&quot;}\">\n\t\t\t\t\t\t\t<div class=\"elementor-background-overlay\"><\/div>\n\t\t\t\t\t\t\t<div class=\"elementor-container elementor-column-gap-default\">\n\t\t\t\t\t<div class=\"elementor-column elementor-col-100 elementor-top-column elementor-element elementor-element-d4237d3\" data-id=\"d4237d3\" data-element_type=\"column\" data-e-type=\"column\" data-settings=\"{&quot;background_background&quot;:&quot;classic&quot;}\">\n\t\t\t<div class=\"elementor-widget-wrap elementor-element-populated\">\n\t\t\t\t\t\t<div class=\"elementor-element elementor-element-21634fd elementor-widget elementor-widget-heading\" data-id=\"21634fd\" data-element_type=\"widget\" data-e-type=\"widget\" data-widget_type=\"heading.default\">\n\t\t\t\t<div class=\"elementor-widget-container\">\n\t\t\t\t\t<h2 class=\"elementor-heading-title elementor-size-default\">Please support our commitment through donations. THANK YOU!&nbsp;<div><br><\/div><div>Directly or via betterplace  <\/div><\/h2>\t\t\t\t<\/div>\n\t\t\t\t<\/div>\n\t\t\t\t\t<\/div>\n\t\t<\/div>\n\t\t\t\t\t<\/div>\n\t\t<\/section>\n\t\t\t\t<section class=\"elementor-section elementor-top-section elementor-element elementor-element-569e208 elementor-section-full_width elementor-section-height-default elementor-section-height-default\" data-id=\"569e208\" data-element_type=\"section\" data-e-type=\"section\">\n\t\t\t\t\t\t<div class=\"elementor-container elementor-column-gap-default\">\n\t\t\t\t\t<div class=\"elementor-column elementor-col-50 elementor-top-column elementor-element elementor-element-e51e5fe\" data-id=\"e51e5fe\" data-element_type=\"column\" data-e-type=\"column\">\n\t\t\t<div class=\"elementor-widget-wrap elementor-element-populated\">\n\t\t\t\t\t\t<div class=\"elementor-element elementor-element-7ec6df7 elementor-widget elementor-widget-text-editor\" data-id=\"7ec6df7\" data-element_type=\"widget\" data-e-type=\"widget\" data-widget_type=\"text-editor.default\">\n\t\t\t\t<div class=\"elementor-widget-container\">\n\t\t\t\t\t\t\t\t\t<h2><span style=\"color: #808080;\">Bintumani D-SL<br \/><\/span><span style=\"color: #808080;\">Social Bank<br \/><\/span><span style=\"color: #808080;\">IBAN <\/span>DE31 3702 0500 0003 1997 01<br \/><span style=\"color: #808080;\">BIC BFSWDE33BER<\/span><span style=\"font-size: 2.142857rem; color: #808080;\">&nbsp;&nbsp;<\/span><\/h2>\t\t\t\t\t\t\t\t<\/div>\n\t\t\t\t<\/div>\n\t\t\t\t<div class=\"elementor-element elementor-element-e74d15f elementor-widget elementor-widget-spacer\" data-id=\"e74d15f\" data-element_type=\"widget\" data-e-type=\"widget\" data-widget_type=\"spacer.default\">\n\t\t\t\t<div class=\"elementor-widget-container\">\n\t\t\t\t\t\t\t<div class=\"elementor-spacer\">\n\t\t\t<div class=\"elementor-spacer-inner\"><\/div>\n\t\t<\/div>\n\t\t\t\t\t\t<\/div>\n\t\t\t\t<\/div>\n\t\t\t\t<div class=\"elementor-element elementor-element-528216a elementor-widget elementor-widget-heading\" data-id=\"528216a\" data-element_type=\"widget\" data-e-type=\"widget\" data-widget_type=\"heading.default\">\n\t\t\t\t<div class=\"elementor-widget-container\">\n\t\t\t\t\t<h3 class=\"elementor-heading-title elementor-size-default\">Your donations are tax deductible<\/h3>\t\t\t\t<\/div>\n\t\t\t\t<\/div>\n\t\t\t\t<div class=\"elementor-element elementor-element-7c624b9 elementor-widget elementor-widget-text-editor\" data-id=\"7c624b9\" data-element_type=\"widget\" data-e-type=\"widget\" data-widget_type=\"text-editor.default\">\n\t\t\t\t<div class=\"elementor-widget-container\">\n\t\t\t\t\t\t\t\t\t<p>Our association, Bintumani D-SL e.V., has been recognized as a non-profit organization by the Tax Office for Corporations I (Berlin) under the tax number 27\/661\/51129. We are exempt from corporation tax according to &amp;5 para 1 no. 9 KStG because we &#8220;exclusively and directly serve charitable purposes within the meaning of \u00a7\u00a751 et seq. AO.&#8221;. This means that we are entitled to issue donation receipts for both donations and membership fees.<br \/>This was last certified to us by the tax office on 09.07.2024.<\/p>\t\t\t\t\t\t\t\t<\/div>\n\t\t\t\t<\/div>\n\t\t\t\t<div class=\"elementor-element elementor-element-8264ec8 elementor-widget elementor-widget-text-editor\" data-id=\"8264ec8\" data-element_type=\"widget\" data-e-type=\"widget\" data-widget_type=\"text-editor.default\">\n\t\t\t\t<div class=\"elementor-widget-container\">\n\t\t\t\t\t\t\t\t\t<h6>For monetary donations or membership fees up to 300 EUR, the payment slip or bank statement is valid as a donation receipt. If you make a higher donation, you will automatically receive a confirmation of the grant. In this case, please include your full address at the time of transfer. We also ask you to specify the purpose of the donation. Either <strong>General or<\/strong> for a special project.<\/h6>\t\t\t\t\t\t\t\t<\/div>\n\t\t\t\t<\/div>\n\t\t\t\t<div class=\"elementor-element elementor-element-274c4bb elementor-align-center elementor-widget elementor-widget-button\" data-id=\"274c4bb\" data-element_type=\"widget\" data-e-type=\"widget\" data-widget_type=\"button.default\">\n\t\t\t\t<div class=\"elementor-widget-container\">\n\t\t\t\t\t\t\t\t\t<div class=\"elementor-button-wrapper\">\n\t\t\t\t\t<a class=\"elementor-button elementor-button-link elementor-size-md elementor-animation-grow\" href=\"https:\/\/bintumani.de\/bintumani-projekte\/\">\n\t\t\t\t\t\t<span class=\"elementor-button-content-wrapper\">\n\t\t\t\t\t\t\t\t\t<span class=\"elementor-button-text\">Projects<\/span>\n\t\t\t\t\t<\/span>\n\t\t\t\t\t<\/a>\n\t\t\t\t<\/div>\n\t\t\t\t\t\t\t\t<\/div>\n\t\t\t\t<\/div>\n\t\t\t\t\t<\/div>\n\t\t<\/div>\n\t\t\t\t<div class=\"elementor-column elementor-col-50 elementor-top-column elementor-element elementor-element-81e644e\" data-id=\"81e644e\" data-element_type=\"column\" data-e-type=\"column\">\n\t\t\t<div class=\"elementor-widget-wrap elementor-element-populated\">\n\t\t\t\t\t\t<div class=\"elementor-element elementor-element-dbefa1a elementor-widget elementor-widget-text-editor\" data-id=\"dbefa1a\" data-element_type=\"widget\" data-e-type=\"widget\" data-widget_type=\"text-editor.default\">\n\t\t\t\t<div class=\"elementor-widget-container\">\n\t\t\t\t\t\t\t\t\t<script type=\"text\/javascript\">\n  \/* Configure at https:\/\/www.betterplace.org\/de\/projects\/63736-fachkraft-fur-erneuerbare-energien-in-sierra-leone\/manage\/iframe_donation_form\/new *\/\n  var _bp_iframe        = _bp_iframe || {};\n  _bp_iframe.project_id = 63736; \/* REQUIRED *\/\n  _bp_iframe.lang       = 'de'; \/* Language of the form *\/\n  _bp_iframe.width = 600; \/* Custom iframe-tag-width, integer *\/\n  _bp_iframe.color = '6c9c2e'; \/* Button and banderole color, hex without \"#\" *\/\n  _bp_iframe.background_color = 'ffffff'; \/* Background-color, hex without \"#\" *\/\n  _bp_iframe.default_amount = 50; \/* Donation-amount, integer 1-99 *\/\n  _bp_iframe.recurring_interval = 'single'; \/* Interval for recurring donations, string out of [\"single\", \"monthly\", \"quarter_yearly\", \"half_yearly\", \"yearly\"] *\/\n  _bp_iframe.bottom_logo = true;\n  (function() {\n    var bp = document.createElement('script'); bp.type = 'text\/javascript'; bp.async = true;\n    bp.src = 'https:\/\/betterplace-assets.betterplace.org\/assets\/load_donation_iframe.js';\n    var s = document.getElementsByTagName('script')[0]; s.parentNode.insertBefore(bp, s);\n  })();\n<\/script>\n<div id=\"betterplace_donation_iframe\" style=\"background: transparent url('https:\/\/www.betterplace.org\/assets\/new_spinner.gif') 275px 20px no-repeat;\"><strong><a href=\"https:\/\/www.betterplace.org\/de\/donate\/platform\/projects\/63736-fachkraft-fur-erneuerbare-energien-in-sierra-leone\" target=\"_blank\" rel=\"noopener\">Now donations for &#8220;Renewable Energy Specialist in Sierra Leone&#8221; at our partner betterplace.org<\/a><\/strong><\/div>\n\t\t\t\t\t\t\t\t<\/div>\n\t\t\t\t<\/div>\n\t\t\t\t\t<\/div>\n\t\t<\/div>\n\t\t\t\t\t<\/div>\n\t\t<\/section>\n\t\t\t\t<section class=\"elementor-section elementor-top-section elementor-element elementor-element-1e98230 elementor-section-full_width elementor-section-height-default elementor-section-height-default\" data-id=\"1e98230\" data-element_type=\"section\" data-e-type=\"section\">\n\t\t\t\t\t\t<div class=\"elementor-container elementor-column-gap-default\">\n\t\t\t\t\t<div class=\"elementor-column elementor-col-100 elementor-top-column elementor-element elementor-element-278811d\" data-id=\"278811d\" data-element_type=\"column\" data-e-type=\"column\">\n\t\t\t<div class=\"elementor-widget-wrap elementor-element-populated\">\n\t\t\t\t\t\t<div class=\"elementor-element elementor-element-3feeb51 elementor-widget-divider--view-line elementor-widget elementor-widget-divider\" data-id=\"3feeb51\" data-element_type=\"widget\" data-e-type=\"widget\" data-widget_type=\"divider.default\">\n\t\t\t\t<div class=\"elementor-widget-container\">\n\t\t\t\t\t\t\t<div class=\"elementor-divider\">\n\t\t\t<span class=\"elementor-divider-separator\">\n\t\t\t\t\t\t<\/span>\n\t\t<\/div>\n\t\t\t\t\t\t<\/div>\n\t\t\t\t<\/div>\n\t\t\t\t\t<\/div>\n\t\t<\/div>\n\t\t\t\t\t<\/div>\n\t\t<\/section>\n\t\t\t\t<section class=\"elementor-section elementor-top-section elementor-element elementor-element-9c58be0 elementor-section-boxed elementor-section-height-default elementor-section-height-default\" data-id=\"9c58be0\" data-element_type=\"section\" data-e-type=\"section\">\n\t\t\t\t\t\t<div class=\"elementor-container elementor-column-gap-default\">\n\t\t\t\t\t<div class=\"elementor-column elementor-col-100 elementor-top-column elementor-element elementor-element-97ae7d4\" data-id=\"97ae7d4\" data-element_type=\"column\" data-e-type=\"column\">\n\t\t\t<div class=\"elementor-widget-wrap elementor-element-populated\">\n\t\t\t\t\t\t<div class=\"elementor-element elementor-element-fd2d6a3 elementor-widget elementor-widget-heading\" data-id=\"fd2d6a3\" data-element_type=\"widget\" data-e-type=\"widget\" data-widget_type=\"heading.default\">\n\t\t\t\t<div class=\"elementor-widget-container\">\n\t\t\t\t\t<h2 class=\"elementor-heading-title elementor-size-default\">Many thanks to all members, partners, sponsors<\/h2>\t\t\t\t<\/div>\n\t\t\t\t<\/div>\n\t\t\t\t\t<\/div>\n\t\t<\/div>\n\t\t\t\t\t<\/div>\n\t\t<\/section>\n\t\t\t\t<section class=\"elementor-section elementor-top-section elementor-element elementor-element-59eb9f1 elementor-section-boxed elementor-section-height-default elementor-section-height-default\" data-id=\"59eb9f1\" data-element_type=\"section\" data-e-type=\"section\">\n\t\t\t\t\t\t<div class=\"elementor-container elementor-column-gap-default\">\n\t\t\t\t\t<div class=\"elementor-column elementor-col-100 elementor-top-column elementor-element elementor-element-7645272\" data-id=\"7645272\" data-element_type=\"column\" data-e-type=\"column\">\n\t\t\t<div class=\"elementor-widget-wrap elementor-element-populated\">\n\t\t\t\t\t\t<div class=\"elementor-element elementor-element-877da60 elementor-widget elementor-widget-text-editor\" data-id=\"877da60\" data-element_type=\"widget\" data-e-type=\"widget\" data-widget_type=\"text-editor.default\">\n\t\t\t\t<div class=\"elementor-widget-container\">\n\t\t\t\t\t\t\t\t\t<p>Since the foundation of the association, many people have been committed to and in the association.<br \/>Without their commitment, many projects and activities would not be possible.<\/p>\t\t\t\t\t\t\t\t<\/div>\n\t\t\t\t<\/div>\n\t\t\t\t\t<\/div>\n\t\t<\/div>\n\t\t\t\t\t<\/div>\n\t\t<\/section>\n\t\t\t\t<section class=\"elementor-section elementor-top-section elementor-element elementor-element-2cbb356 elementor-section-boxed elementor-section-height-default elementor-section-height-default\" data-id=\"2cbb356\" data-element_type=\"section\" data-e-type=\"section\">\n\t\t\t\t\t\t<div class=\"elementor-container elementor-column-gap-default\">\n\t\t\t\t\t<div class=\"elementor-column elementor-col-100 elementor-top-column elementor-element elementor-element-f0a6d8b\" data-id=\"f0a6d8b\" data-element_type=\"column\" data-e-type=\"column\">\n\t\t\t<div class=\"elementor-widget-wrap elementor-element-populated\">\n\t\t\t\t\t\t<div class=\"elementor-element elementor-element-e9fb940 elementor-widget__width-initial elementor-widget elementor-widget-text-editor\" data-id=\"e9fb940\" data-element_type=\"widget\" data-e-type=\"widget\" data-widget_type=\"text-editor.default\">\n\t\t\t\t<div class=\"elementor-widget-container\">\n\t\t\t\t\t\t\t\t\t<p>In these projects, they worked and participated in:<\/p><p style=\"text-align: justify;\"><span style=\"color: #008000;\"><strong>help2sl:<\/strong><\/span> Dietmar Schr\u00f6der, Gernot Wittenberg, Frank Polte, Norbert Pa\u00df, Dr.Till Wolfram, Benjamin Zett, Christian Schulz-Topel, Julian Palt, Peter Mansaray, Mathias K\u00f6hler, Karl-Heinz Merke, Urs Rasch, Olaf Wustrau, Bruno Czichon, H.Kobetic ECO-PC, Klaus Pellmann, Prof.Dr. Michael Hartmann, Martin Rammensee, Harald Sterzenbach,Volker Schnell,Jenny Wrede, Lilli Malu-Tiefel, Simon G\u00f6\u00df, Immanuel Dorn, Tobias Koops, Setu Pelz, Steffen Eyhorn.<\/p><p>School leaders and colleagues of the Hans B\u00f6ckler School (OSZ Construction Technology) in Berlin-Keuzberg,<\/p><p style=\"text-align: justify;\"><span style=\"color: #008000;\"><strong>Pediatric surgery:<\/strong><\/span>Dr. Morley Wright, Dr. Heidemarie Fabian-Pittroff, Dr. Tillman Gresing, Dr. Ibrahim Al-Naieb, Dr. Volker Dreimann, Dr. Gertrud Kretzschmar, Dr. Esther Lau, Esther K\u00e4ufler, Dr. Kathrin R\u00fc\u00dfe, Dr. Sarah Al-Naieb, S\u00f6nke Scheunemann, Dr. Katrin Ruesse, Madeleine Martin<\/p><p style=\"text-align: justify;\"><strong><span style=\"color: #008000;\">for-first-aid:<\/span><\/strong> Christian Vesper Autohaus BMW, M.Finn Autohaus BMW, H. Liebner Autohaus KADEA, N.Ertel Autohaus Leven, M.Leder Autohaus Gorsler, H.Mertins Level 360 GmbH<\/p><p><strong><span style=\"color: #008000;\">Klin Salone<\/span>:<\/strong>Dr. Salua Nour, Ken Kokker, Dauda Brima<\/p><p><strong><span style=\"color: #008000;\">Ebola campaign: <\/span><\/strong><span style=\"font-size: 16px;\">Dr. Sia Satta Kpakiwa<\/span><\/p><p><strong><span style=\"color: #008000;\">Prosthesis project<\/span><\/strong>: Dr. S\u00f6nke S\u00f6nnichsen, Lars Thalmann, Bernhard K\u00f6hler, Lavan Vasuthevan, Manuela Winkler<\/p><p><span style=\"color: #008000;\"><b>Structural<\/b><strong>project:<\/strong> <\/span>Jannik Hereth, Frank Neumann (both Techniker ohne Grenzen), Dietmar Schr\u00f6der, Gernot Wittenberg<\/p><p><strong><span style=\"color: #008000;\">Containertransports<\/span><\/strong> and contact in Sierra Leone: Dauda Brima, Dr. Tilly Bell. Francis Palmer, Ken Kokker, &#8220;Lobilo&#8221; Mustapha Sesay,<\/p>\t\t\t\t\t\t\t\t<\/div>\n\t\t\t\t<\/div>\n\t\t\t\t\t<\/div>\n\t\t<\/div>\n\t\t\t\t\t<\/div>\n\t\t<\/section>\n\t\t\t\t<section class=\"elementor-section elementor-top-section elementor-element elementor-element-7936fba elementor-section-boxed elementor-section-height-default elementor-section-height-default\" data-id=\"7936fba\" data-element_type=\"section\" data-e-type=\"section\">\n\t\t\t\t\t\t<div class=\"elementor-container elementor-column-gap-default\">\n\t\t\t\t\t<div class=\"elementor-column elementor-col-100 elementor-top-column elementor-element elementor-element-a40793d\" data-id=\"a40793d\" data-element_type=\"column\" data-e-type=\"column\">\n\t\t\t<div class=\"elementor-widget-wrap elementor-element-populated\">\n\t\t\t\t\t\t<div class=\"elementor-element elementor-element-f5253b9 elementor-widget elementor-widget-heading\" data-id=\"f5253b9\" data-element_type=\"widget\" data-e-type=\"widget\" data-widget_type=\"heading.default\">\n\t\t\t\t<div class=\"elementor-widget-container\">\n\t\t\t\t\t<h2 class=\"elementor-heading-title elementor-size-default\">Thanks also to:<\/h2>\t\t\t\t<\/div>\n\t\t\t\t<\/div>\n\t\t\t\t\t<\/div>\n\t\t<\/div>\n\t\t\t\t\t<\/div>\n\t\t<\/section>\n\t\t\t\t<section class=\"elementor-section elementor-top-section elementor-element elementor-element-7cf55e0 elementor-section-boxed elementor-section-height-default elementor-section-height-default\" data-id=\"7cf55e0\" data-element_type=\"section\" data-e-type=\"section\">\n\t\t\t\t\t\t<div class=\"elementor-container elementor-column-gap-default\">\n\t\t\t\t\t<div class=\"elementor-column elementor-col-100 elementor-top-column elementor-element elementor-element-bd2b95a\" data-id=\"bd2b95a\" data-element_type=\"column\" data-e-type=\"column\">\n\t\t\t<div class=\"elementor-widget-wrap elementor-element-populated\">\n\t\t\t\t\t\t<div class=\"elementor-element elementor-element-deacd51 elementor-widget elementor-widget-heading\" data-id=\"deacd51\" data-element_type=\"widget\" data-e-type=\"widget\" data-widget_type=\"heading.default\">\n\t\t\t\t<div class=\"elementor-widget-container\">\n\t\t\t\t\t<h2 class=\"elementor-heading-title elementor-size-default\">Rotary Club Potsdam, Rotary Bernau, Rotary Freetown (Dr. Dave Wright),\n Meta-Kaasch-Stiftung, Schmitz Foundation, Gertrud Maschke Foundation,\n F\u00f6rderverein der Hans-B\u00f6ckler-Schule in Berlin-Kreuzberg, Gebhardt Freizeit-Technik, Sanit\u00e4tshaus Kowsky (Neum\u00fcnster), Sanit\u00e4tshaus Bruns (Munich)<\/h2>\t\t\t\t<\/div>\n\t\t\t\t<\/div>\n\t\t\t\t\t<\/div>\n\t\t<\/div>\n\t\t\t\t\t<\/div>\n\t\t<\/section>\n\t\t\t\t<\/div>\n\t\t","protected":false},"excerpt":{"rendered":"<p>Please support our commitment through donations. THANK YOU!&nbsp;Directly or via betterplace Bintumani D-SLSocial BankIBAN DE31 3702 0500 0003 1997 01BIC BFSWDE33BER&nbsp;&nbsp; Your donations are tax deductible Our association, Bintumani D-SL e.V., has been recognized as a non-profit organization by the Tax Office for Corporations I (Berlin) under the tax number 27\/661\/51129. We are exempt from [&hellip;]<\/p>\n","protected":false},"author":1,"featured_media":0,"parent":0,"menu_order":0,"comment_status":"closed","ping_status":"closed","template":"","meta":{"site-sidebar-layout":"default","site-content-layout":"default","ast-site-content-layout":"default","site-content-style":"default","site-sidebar-style":"default","ast-global-header-display":"","ast-banner-title-visibility":"","ast-main-header-display":"","ast-hfb-above-header-display":"","ast-hfb-below-header-display":"","ast-hfb-mobile-header-display":"","site-post-title":"disabled","ast-breadcrumbs-content":"","ast-featured-img":"","footer-sml-layout":"","ast-disable-related-posts":"","theme-transparent-header-meta":"default","adv-header-id-meta":"","stick-header-meta":"","header-above-stick-meta":"","header-main-stick-meta":"","header-below-stick-meta":"","astra-migrate-meta-layouts":"default","ast-page-background-enabled":"default","ast-page-background-meta":{"desktop":{"background-color":"","background-image":"","background-repeat":"repeat","background-position":"center center","background-size":"auto","background-attachment":"scroll","background-type":"","background-media":"","overlay-type":"","overlay-color":"","overlay-opacity":"","overlay-gradient":""},"tablet":{"background-color":"","background-image":"","background-repeat":"repeat","background-position":"center center","background-size":"auto","background-attachment":"scroll","background-type":"","background-media":"","overlay-type":"","overlay-color":"","overlay-opacity":"","overlay-gradient":""},"mobile":{"background-color":"","background-image":"","background-repeat":"repeat","background-position":"center center","background-size":"auto","background-attachment":"scroll","background-type":"","background-media":"","overlay-type":"","overlay-color":"","overlay-opacity":"","overlay-gradient":""}},"ast-content-background-meta":{"desktop":{"background-color":"var(--ast-global-color-5)","background-image":"","background-repeat":"repeat","background-position":"center center","background-size":"auto","background-attachment":"scroll","background-type":"","background-media":"","overlay-type":"","overlay-color":"","overlay-opacity":"","overlay-gradient":""},"tablet":{"background-color":"var(--ast-global-color-5)","background-image":"","background-repeat":"repeat","background-position":"center center","background-size":"auto","background-attachment":"scroll","background-type":"","background-media":"","overlay-type":"","overlay-color":"","overlay-opacity":"","overlay-gradient":""},"mobile":{"background-color":"var(--ast-global-color-5)","background-image":"","background-repeat":"repeat","background-position":"center center","background-size":"auto","background-attachment":"scroll","background-type":"","background-media":"","overlay-type":"","overlay-color":"","overlay-opacity":"","overlay-gradient":""}},"footnotes":""},"class_list":["post-4203","page","type-page","status-publish","hentry"],"_links":{"self":[{"href":"https:\/\/bintumani.de\/en\/wp-json\/wp\/v2\/pages\/4203","targetHints":{"allow":["GET"]}}],"collection":[{"href":"https:\/\/bintumani.de\/en\/wp-json\/wp\/v2\/pages"}],"about":[{"href":"https:\/\/bintumani.de\/en\/wp-json\/wp\/v2\/types\/page"}],"author":[{"embeddable":true,"href":"https:\/\/bintumani.de\/en\/wp-json\/wp\/v2\/users\/1"}],"replies":[{"embeddable":true,"href":"https:\/\/bintumani.de\/en\/wp-json\/wp\/v2\/comments?post=4203"}],"version-history":[{"count":52,"href":"https:\/\/bintumani.de\/en\/wp-json\/wp\/v2\/pages\/4203\/revisions"}],"predecessor-version":[{"id":21376,"href":"https:\/\/bintumani.de\/en\/wp-json\/wp\/v2\/pages\/4203\/revisions\/21376"}],"wp:attachment":[{"href":"https:\/\/bintumani.de\/en\/wp-json\/wp\/v2\/media?parent=4203"}],"curies":[{"name":"wp","href":"https:\/\/api.w.org\/{rel}","templated":true}]}}