{"id":438,"date":"2014-09-05T23:11:41","date_gmt":"2014-09-05T21:11:41","guid":{"rendered":"http:\/\/bintumani.de\/?page_id=438"},"modified":"2022-08-03T12:37:16","modified_gmt":"2022-08-03T10:37:16","slug":"lesung-ach-afrika","status":"publish","type":"page","link":"https:\/\/bintumani.de\/en\/projekte\/bildung-in-sierra-leone\/lesung-ach-afrika\/","title":{"rendered":"Lesung &#8220;Ach Afrika&#8221;"},"content":{"rendered":"\t\t<div data-elementor-type=\"wp-page\" data-elementor-id=\"438\" class=\"elementor elementor-438\" data-elementor-post-type=\"page\">\n\t\t\t\t\t\t<section class=\"elementor-section elementor-top-section elementor-element elementor-element-525b0ae elementor-section-boxed elementor-section-height-default elementor-section-height-default\" data-id=\"525b0ae\" data-element_type=\"section\" data-e-type=\"section\">\n\t\t\t\t\t\t<div class=\"elementor-container elementor-column-gap-default\">\n\t\t\t\t\t<div class=\"elementor-column elementor-col-100 elementor-top-column elementor-element elementor-element-87081ca\" data-id=\"87081ca\" data-element_type=\"column\" data-e-type=\"column\">\n\t\t\t<div class=\"elementor-widget-wrap elementor-element-populated\">\n\t\t\t\t\t\t<div class=\"elementor-element elementor-element-eafa3ed elementor-widget elementor-widget-text-editor\" data-id=\"eafa3ed\" data-element_type=\"widget\" data-e-type=\"widget\" data-widget_type=\"text-editor.default\">\n\t\t\t\t<div class=\"elementor-widget-container\">\n\t\t\t\t\t\t\t\t\t<p>In der Lehrschmiede der Hans-B\u00f6ckler-Schule liest der bekannte Zeit-Korrespondent Bartholom\u00e4us Grill \u00a0am 2.5.2007 aus seinem Buch \u201eAch Afrika\u201c. Der Afrika-Experte (unter Anderem in der Beraterkommission beim Bundespr\u00e4sidenten K\u00f6hler) stellt sich den vielen Fragen unserer G\u00e4ste und ermutigt uns in der Hilfe f\u00fcr Sierra Leone fortzufahren. Ein sehr eindrucksvoller Abend!<\/p>\t\t\t\t\t\t\t\t<\/div>\n\t\t\t\t<\/div>\n\t\t\t\t\t<\/div>\n\t\t<\/div>\n\t\t\t\t\t<\/div>\n\t\t<\/section>\n\t\t\t\t<section class=\"elementor-section elementor-top-section elementor-element elementor-element-41dab93d elementor-section-boxed elementor-section-height-default elementor-section-height-default\" data-id=\"41dab93d\" data-element_type=\"section\" data-e-type=\"section\">\n\t\t\t\t\t\t<div class=\"elementor-container elementor-column-gap-default\">\n\t\t\t\t\t<div class=\"elementor-column elementor-col-100 elementor-top-column elementor-element elementor-element-4c8c9547\" data-id=\"4c8c9547\" data-element_type=\"column\" data-e-type=\"column\">\n\t\t\t<div class=\"elementor-widget-wrap elementor-element-populated\">\n\t\t\t\t\t\t<div class=\"elementor-element elementor-element-121a01b2 elementor-widget elementor-widget-text-editor\" data-id=\"121a01b2\" data-element_type=\"widget\" data-e-type=\"widget\" data-widget_type=\"text-editor.default\">\n\t\t\t\t<div class=\"elementor-widget-container\">\n\t\t\t\t\t\t\t\t\t<p><img fetchpriority=\"high\" decoding=\"async\" width=\"750\" height=\"330\" class=\"wp-image-11897 aligncenter\" style=\"font-style: inherit; color: var( --e-global-color-text );\" src=\"https:\/\/bintumani.de\/wp-content\/uploads\/2019\/03\/image-4.png\" alt=\"\" data-id=\"11897\" data-link=\"https:\/\/bintumani.de\/projekte\/bildung\/lesung-ach-afrika\/image-4-2\/\" srcset=\"https:\/\/bintumani.de\/wp-content\/uploads\/2019\/03\/image-4.png 750w, https:\/\/bintumani.de\/wp-content\/uploads\/2019\/03\/image-4-300x132.png 300w, https:\/\/bintumani.de\/wp-content\/uploads\/2019\/03\/image-4-150x66.png 150w\" sizes=\"(max-width: 750px) 100vw, 750px\" \/><\/p><ul class=\"wp-block-gallery columns-2 is-cropped\"><li class=\"blocks-gallery-item\"><figure><img decoding=\"async\" width=\"750\" height=\"330\" class=\"wp-image-11899\" src=\"https:\/\/bintumani.de\/wp-content\/uploads\/2019\/03\/image-5.png\" alt=\"\" data-id=\"11899\" data-link=\"https:\/\/bintumani.de\/projekte\/bildung\/lesung-ach-afrika\/image-5-2\/\" srcset=\"https:\/\/bintumani.de\/wp-content\/uploads\/2019\/03\/image-5.png 750w, https:\/\/bintumani.de\/wp-content\/uploads\/2019\/03\/image-5-300x132.png 300w, https:\/\/bintumani.de\/wp-content\/uploads\/2019\/03\/image-5-150x66.png 150w\" sizes=\"(max-width: 750px) 100vw, 750px\" \/><\/figure><\/li><li class=\"blocks-gallery-item\"><figure><img decoding=\"async\" width=\"750\" height=\"330\" class=\"wp-image-11901\" src=\"https:\/\/bintumani.de\/wp-content\/uploads\/2019\/03\/image-6.png\" alt=\"\" data-id=\"11901\" data-link=\"https:\/\/bintumani.de\/projekte\/bildung\/lesung-ach-afrika\/image-6-2\/\" srcset=\"https:\/\/bintumani.de\/wp-content\/uploads\/2019\/03\/image-6.png 750w, https:\/\/bintumani.de\/wp-content\/uploads\/2019\/03\/image-6-300x132.png 300w, https:\/\/bintumani.de\/wp-content\/uploads\/2019\/03\/image-6-150x66.png 150w\" sizes=\"(max-width: 750px) 100vw, 750px\" \/><\/figure><\/li><li class=\"blocks-gallery-item\"><figure><img loading=\"lazy\" decoding=\"async\" width=\"750\" height=\"330\" class=\"wp-image-11903\" src=\"https:\/\/bintumani.de\/wp-content\/uploads\/2019\/03\/image-7.png\" alt=\"\" data-id=\"11903\" data-link=\"https:\/\/bintumani.de\/projekte\/bildung\/lesung-ach-afrika\/image-7-2\/\" srcset=\"https:\/\/bintumani.de\/wp-content\/uploads\/2019\/03\/image-7.png 750w, https:\/\/bintumani.de\/wp-content\/uploads\/2019\/03\/image-7-300x132.png 300w, https:\/\/bintumani.de\/wp-content\/uploads\/2019\/03\/image-7-150x66.png 150w\" sizes=\"(max-width: 750px) 100vw, 750px\" \/><\/figure><\/li><li class=\"blocks-gallery-item\"><figure><img loading=\"lazy\" decoding=\"async\" width=\"750\" height=\"330\" class=\"wp-image-11907\" src=\"https:\/\/bintumani.de\/wp-content\/uploads\/2019\/03\/image-9.png\" alt=\"\" data-id=\"11907\" data-link=\"https:\/\/bintumani.de\/projekte\/bildung\/lesung-ach-afrika\/image-9-2\/\" srcset=\"https:\/\/bintumani.de\/wp-content\/uploads\/2019\/03\/image-9.png 750w, https:\/\/bintumani.de\/wp-content\/uploads\/2019\/03\/image-9-300x132.png 300w, https:\/\/bintumani.de\/wp-content\/uploads\/2019\/03\/image-9-150x66.png 150w\" sizes=\"(max-width: 750px) 100vw, 750px\" \/><\/figure><\/li><li class=\"blocks-gallery-item\"><figure><img loading=\"lazy\" decoding=\"async\" width=\"750\" height=\"330\" class=\"wp-image-11909\" src=\"https:\/\/bintumani.de\/wp-content\/uploads\/2019\/03\/image-10.png\" alt=\"\" data-id=\"11909\" data-link=\"https:\/\/bintumani.de\/projekte\/bildung\/lesung-ach-afrika\/image-10-2\/\" srcset=\"https:\/\/bintumani.de\/wp-content\/uploads\/2019\/03\/image-10.png 750w, https:\/\/bintumani.de\/wp-content\/uploads\/2019\/03\/image-10-300x132.png 300w, https:\/\/bintumani.de\/wp-content\/uploads\/2019\/03\/image-10-150x66.png 150w\" sizes=\"(max-width: 750px) 100vw, 750px\" \/><\/figure><\/li><\/ul>\t\t\t\t\t\t\t\t<\/div>\n\t\t\t\t<\/div>\n\t\t\t\t\t<\/div>\n\t\t<\/div>\n\t\t\t\t\t<\/div>\n\t\t<\/section>\n\t\t\t\t<\/div>\n\t\t","protected":false},"excerpt":{"rendered":"<p>In der Lehrschmiede der Hans-B\u00f6ckler-Schule liest der bekannte Zeit-Korrespondent Bartholom\u00e4us Grill &nbsp;am 2.5.2007 aus seinem Buch \u201eAch Afrika\u201c. Der Afrika-Experte (unter Anderem in der Beraterkommission beim Bundespr\u00e4sidenten K\u00f6hler) stellt sich den vielen Fragen unserer G\u00e4ste und ermutigt uns in der Hilfe f\u00fcr Sierra Leone fortzufahren. Ein sehr eindrucksvoller Abend!<\/p>\n","protected":false},"author":1,"featured_media":0,"parent":316,"menu_order":0,"comment_status":"closed","ping_status":"open","template":"","meta":{"site-sidebar-layout":"default","site-content-layout":"default","ast-site-content-layout":"default","site-content-style":"default","site-sidebar-style":"default","ast-global-header-display":"","ast-banner-title-visibility":"","ast-main-header-display":"","ast-hfb-above-header-display":"","ast-hfb-below-header-display":"","ast-hfb-mobile-header-display":"","site-post-title":"","ast-breadcrumbs-content":"","ast-featured-img":"","footer-sml-layout":"","ast-disable-related-posts":"","theme-transparent-header-meta":"default","adv-header-id-meta":"","stick-header-meta":"","header-above-stick-meta":"","header-main-stick-meta":"","header-below-stick-meta":"","astra-migrate-meta-layouts":"default","ast-page-background-enabled":"default","ast-page-background-meta":{"desktop":{"background-color":"","background-image":"","background-repeat":"repeat","background-position":"center center","background-size":"auto","background-attachment":"scroll","background-type":"","background-media":"","overlay-type":"","overlay-color":"","overlay-opacity":"","overlay-gradient":""},"tablet":{"background-color":"","background-image":"","background-repeat":"repeat","background-position":"center center","background-size":"auto","background-attachment":"scroll","background-type":"","background-media":"","overlay-type":"","overlay-color":"","overlay-opacity":"","overlay-gradient":""},"mobile":{"background-color":"","background-image":"","background-repeat":"repeat","background-position":"center center","background-size":"auto","background-attachment":"scroll","background-type":"","background-media":"","overlay-type":"","overlay-color":"","overlay-opacity":"","overlay-gradient":""}},"ast-content-background-meta":{"desktop":{"background-color":"var(--ast-global-color-5)","background-image":"","background-repeat":"repeat","background-position":"center center","background-size":"auto","background-attachment":"scroll","background-type":"","background-media":"","overlay-type":"","overlay-color":"","overlay-opacity":"","overlay-gradient":""},"tablet":{"background-color":"var(--ast-global-color-5)","background-image":"","background-repeat":"repeat","background-position":"center center","background-size":"auto","background-attachment":"scroll","background-type":"","background-media":"","overlay-type":"","overlay-color":"","overlay-opacity":"","overlay-gradient":""},"mobile":{"background-color":"var(--ast-global-color-5)","background-image":"","background-repeat":"repeat","background-position":"center center","background-size":"auto","background-attachment":"scroll","background-type":"","background-media":"","overlay-type":"","overlay-color":"","overlay-opacity":"","overlay-gradient":""}},"footnotes":""},"class_list":["post-438","page","type-page","status-publish","hentry"],"_links":{"self":[{"href":"https:\/\/bintumani.de\/en\/wp-json\/wp\/v2\/pages\/438","targetHints":{"allow":["GET"]}}],"collection":[{"href":"https:\/\/bintumani.de\/en\/wp-json\/wp\/v2\/pages"}],"about":[{"href":"https:\/\/bintumani.de\/en\/wp-json\/wp\/v2\/types\/page"}],"author":[{"embeddable":true,"href":"https:\/\/bintumani.de\/en\/wp-json\/wp\/v2\/users\/1"}],"replies":[{"embeddable":true,"href":"https:\/\/bintumani.de\/en\/wp-json\/wp\/v2\/comments?post=438"}],"version-history":[{"count":12,"href":"https:\/\/bintumani.de\/en\/wp-json\/wp\/v2\/pages\/438\/revisions"}],"predecessor-version":[{"id":17425,"href":"https:\/\/bintumani.de\/en\/wp-json\/wp\/v2\/pages\/438\/revisions\/17425"}],"up":[{"embeddable":true,"href":"https:\/\/bintumani.de\/en\/wp-json\/wp\/v2\/pages\/316"}],"wp:attachment":[{"href":"https:\/\/bintumani.de\/en\/wp-json\/wp\/v2\/media?parent=438"}],"curies":[{"name":"wp","href":"https:\/\/api.w.org\/{rel}","templated":true}]}}