{"id":518,"date":"2014-09-09T20:24:58","date_gmt":"2014-09-09T18:24:58","guid":{"rendered":"http:\/\/bintumani.de\/?page_id=518"},"modified":"2021-01-03T17:52:21","modified_gmt":"2021-01-03T16:52:21","slug":"stop-ebola","status":"publish","type":"page","link":"https:\/\/bintumani.de\/en\/stop-ebola\/","title":{"rendered":"Don&#8217;t Touch &#8211; Stop Ebola!"},"content":{"rendered":"<p>&nbsp;<\/p>\n<p>&nbsp;<\/p>\n<p>&nbsp;<\/p>\n\n\n<div class=\"wp-block-columns has-2-columns is-layout-flex wp-container-core-columns-is-layout-28f84493 wp-block-columns-is-layout-flex\">\n<div class=\"wp-block-column is-layout-flow wp-block-column-is-layout-flow\">\n\n\n<div class=\"wp-block-image\"><figure class=\"alignright is-resized\"><img fetchpriority=\"high\" decoding=\"async\" src=\"http:\/\/bintumani.de\/wp-content\/uploads\/2014\/09\/STOP_EBOLA-952x1024.jpg\" alt=\"\" class=\"wp-image-580\" width=\"253\" height=\"271\"\/><\/figure><\/div>\n<\/div>\n\n\n\n<div class=\"wp-block-column is-layout-flow wp-block-column-is-layout-flow\">\n<h2 class=\"wp-block-heading\">Initiativen:<\/h2>\n\n\n\n<p><a href=\"http:\/\/bintumani.de\"><strong>Bintumani e.V.<\/strong><\/a><br \/><a href=\"http:\/\/www.loewefuerloewe.de\" target=\"_blank\" rel=\"noopener noreferrer\"><strong>L\u00f6we f\u00fcr L\u00f6we<\/strong><\/a><br \/><a href=\"http:\/\/salone-dreams.org\" target=\"_blank\" rel=\"noopener noreferrer\"><strong>salone-dreams<\/strong><\/a><br \/><br \/><a href=\"https:\/\/www.facebook.com\/ydp87sl?fref=ts\" target=\"_blank\" rel=\"noopener noreferrer\"><strong>Youth Development Project<\/strong><\/a><br \/><a href=\"http:\/\/globolab.org\/index.htm\" target=\"_blank\" rel=\"noopener noreferrer\"><strong>Globolab<\/strong><\/a><br \/><a href=\"http:\/\/www.hilfe-direkt.info\" target=\"_blank\" rel=\"noopener noreferrer\"><strong>Hilfe direkt- Oldenburg<\/strong><\/a><\/p>\n<\/div>\n<\/div>\n\n\n\n<div class=\"wp-block-columns has-2-columns is-layout-flex wp-container-core-columns-is-layout-28f84493 wp-block-columns-is-layout-flex\">\n<div class=\"wp-block-column is-layout-flow wp-block-column-is-layout-flow\">\n<p><strong>Liebe Salonefreunde,<\/strong><br \/>wir haben eine Mailingliste f\u00fcr den aktiven Kreis eingerichtet. Wer daran teilnehmen m\u00f6chte ist eingeladen beizutreten und eine email zu schicken:<br \/><a href=\"mailto:network4salone@googlegroups.com\">network4salone@googlegroups.com<br \/><\/a><strong>Danke.<\/strong><\/p>\n<\/div>\n\n\n\n<div class=\"wp-block-column is-layout-flow wp-block-column-is-layout-flow\">\n<h1>Das Netzwerk \u201enetwork4salone\u201c hat seit Beginn der Kampagne bis zum Jahresende 2014 Spenden in H\u00f6he von ca. <strong>170.000 \u20ac<\/strong>bekommen. Wir danken an dieser Stelle allen Spenderinnen und Spendern f\u00fcr ihr Vertrauen in unsere Arbeit, unserem Engagement.<\/h1>\n<\/div>\n<\/div>\n\n\n\n<div class=\"with-sidebar-wrapper\">\n<section id=\"content-section-1\">\n<div class=\"section-container container\">\n<div class=\"three-fifth columns\">\n<div class=\"gdlr-item gdlr-content-item\">\n<h1 style=\"text-align: left;\">Aktionen:<\/h1>\n<p><strong>Handshake<\/strong>: einige <a href=\"https:\/\/www.facebook.com\/events\/687394404679590\/\" target=\"_blank\" rel=\"noopener noreferrer\">Handshake-Videos<\/a><\/p>\n<p><strong>Bintumani<\/strong>: Spenden-Performance beim Sierra Leone Music Festival in Berlin (<a href=\"https:\/\/bintumani.de\/ebola-2\/\">http:\/\/bintumani.de\/ebola-2\/<\/a>)<\/p>\n<p><strong>Forikolo\/Dennis Beckmann<\/strong>:&nbsp;<a href=\"https:\/\/www.facebook.com\/video.php?v=10152783974184040\" target=\"_blank\" rel=\"noopener noreferrer\">\u201eMit Schrott gegen Ebola!!!<\/a><\/p>\n<p><strong>Salonedreams<\/strong>: \u201eVerzichten um zu helfen\u201c (<a href=\"http:\/\/fightebola.salone-dreams.org\" target=\"_blank\" rel=\"noopener\">http:\/\/fightebola.salone-dreams.org<\/a>)<\/p>\n<p><strong>L\u00f6we f\u00fcr L\u00f6we:<\/strong> T-Shirt mit Logoaufdruck in Brigitte-Village, SL (<a href=\"http:\/\/www.loewefuerloewe.de\" target=\"_blank\" rel=\"noopener\">http:\/\/www.loewefuerloewe.de<\/a>)<\/p>\n<p><strong>GLOBOLAB e.V.<\/strong>: Spende von einem <a href=\"https:\/\/www.facebook.com\/groups\/126590290860182\/\" target=\"_blank\" rel=\"noopener noreferrer\">Charity-Golfturnier<br \/><\/a><a href=\"http:\/\/bintumani.de\/wp-content\/uploads\/2014\/09\/1795885_852840224748973_1832861987223054932_o.jpg\" data-rel=\"fancybox\"><img decoding=\"async\" class=\"alignnone size-large wp-image-927\" src=\"http:\/\/bintumani.de\/wp-content\/uploads\/2014\/09\/1795885_852840224748973_1832861987223054932_o-1024x727.jpg\" alt=\"1795885_852840224748973_1832861987223054932_o\" width=\"960\" height=\"681\" srcset=\"https:\/\/bintumani.de\/wp-content\/uploads\/2014\/09\/1795885_852840224748973_1832861987223054932_o-1024x727.jpg 1024w, https:\/\/bintumani.de\/wp-content\/uploads\/2014\/09\/1795885_852840224748973_1832861987223054932_o-300x213.jpg 300w, https:\/\/bintumani.de\/wp-content\/uploads\/2014\/09\/1795885_852840224748973_1832861987223054932_o-150x107.jpg 150w, https:\/\/bintumani.de\/wp-content\/uploads\/2014\/09\/1795885_852840224748973_1832861987223054932_o-768x545.jpg 768w, https:\/\/bintumani.de\/wp-content\/uploads\/2014\/09\/1795885_852840224748973_1832861987223054932_o-1320x937.jpg 1320w, https:\/\/bintumani.de\/wp-content\/uploads\/2014\/09\/1795885_852840224748973_1832861987223054932_o.jpg 1480w\" sizes=\"(max-width: 960px) 100vw, 960px\" \/><br \/><\/a>Quelle:Ebersberger Zeitung<\/p>\n<p><strong>L\u00f6we f\u00fcr L\u00f6we:&nbsp;<\/strong><\/p>\n<p>Kampf gegen Ebola \u2013 Tolle Aktion von Kindern:<br \/>Kinder aus Bad M\u00fcnstereifel haben gemeinsam mit Elke Andersen, Mitglied von L\u00f6we f\u00fcr L\u00f6we, beim Trickfilm-Projekt des Kinderschutzbundes eine Woche lang einen kleinen Trickfilm hergestellt mit dem Titel \u201eKampf gegen Ebola\u201c. Die 5 \u2013 13j\u00e4hrigen Kinder haben sich das Thema selbst \u00fcberlegt. Sie haben Bilder und Figuren sowie Musik und Ton selbst erstellt und das Ergebnis ist einfach toll geworden. Und die Kinder wollten auch konkret helfen: Sie haben Spenden gesammelt und dabei sind 80 \u20ac zusammengekommen, die sie an L\u00f6we f\u00fcr L\u00f6we gespendet haben. Wir sind begeistert von den engagierten Kindern und bedanken uns ganz herzlich f\u00fcr die Spende. Das Geld werden wir f\u00fcr Schutzkleidung und Desinfektionsmittel zur Ebola-Pr\u00e4vention verwenden.<\/p>\n<p>&nbsp;<\/p>\n<p><strong>CVJM R\u00f6dinghausen \u2013 YDP<\/strong><\/p>\n<p>Die&nbsp;<a href=\"http:\/\/www.nw-news.de\/owl\/kreis_herford\/roedinghausen\/roedinghausen\/11278459_Ebola_gefaehrdet_Projekt_des_CVJM.html\" target=\"_blank\" rel=\"noopener noreferrer\">Neue Westf\u00e4lische<\/a> Zeitung berichtet von den Aktivit\u00e4ten des CVJM und ihrem Partner YDP<\/p>\n<p><strong>salonedreams<\/strong><\/p>\n<p>hat eine Idee um Geld f\u00fcr die Ebolahilfe zu bekommen: <a href=\"http:\/\/fightebola.salone-dreams.org\/index.php#verzichte\" target=\"_blank\" rel=\"noopener\">verzichten<\/a><\/p>\n<p>Im N\u00e4hcafe M\u00fcnster \u201eMum Factured\u201c hat die Gruppe \u201eKlangarchitekten\u201c ein <a href=\"https:\/\/www.facebook.com\/MumFactured?hc_location=timeline\" target=\"_blank\" rel=\"noopener\">Benefiz-Wohnzimmerkonzert<\/a> gegeben.<\/p>\n<p><strong>Bintumani D-SL<\/strong><\/p>\n<p>T-Shirts und Einkaufsbeutel mit dem Aktionslogo werden in Berlin gegen eine gute Spende abgegeben.<\/p>\n<p><a href=\"http:\/\/bintumani.de\/wp-content\/uploads\/2014\/09\/IMG_4122_2.jpg\" data-rel=\"fancybox\"><img decoding=\"async\" class=\"aligncenter wp-image-976 size-portrait\" src=\"http:\/\/bintumani.de\/wp-content\/uploads\/2014\/09\/IMG_4122_2-440x550.jpg\" alt=\"IMG_4122_2\" width=\"440\" height=\"550\"\/><\/a><\/p>\n<p>&nbsp;<\/p>\n<p>&nbsp;<\/p>\n<p><strong>Bintumani-Bremen&nbsp;<\/strong><\/p>\n<p>Mitglieder aus Bremen habe ein charity concert veranstaltet um Spendengelder einzuwerben. Das Konzert und der Erl\u00f6s waren einzigartig.<\/p>\n<p>&nbsp;<\/p>\n<p><a href=\"http:\/\/bintumani.de\/wp-content\/uploads\/2014\/09\/Charcon-7.jpg\" data-rel=\"fancybox\"><img loading=\"lazy\" decoding=\"async\" class=\"alignnone size-large wp-image-1002\" src=\"http:\/\/bintumani.de\/wp-content\/uploads\/2014\/09\/Charcon-7-1024x768.jpg\" alt=\"Charcon 7\" width=\"960\" height=\"720\" srcset=\"https:\/\/bintumani.de\/wp-content\/uploads\/2014\/09\/Charcon-7-1024x768.jpg 1024w, https:\/\/bintumani.de\/wp-content\/uploads\/2014\/09\/Charcon-7-300x225.jpg 300w, https:\/\/bintumani.de\/wp-content\/uploads\/2014\/09\/Charcon-7-150x113.jpg 150w, https:\/\/bintumani.de\/wp-content\/uploads\/2014\/09\/Charcon-7-768x576.jpg 768w, https:\/\/bintumani.de\/wp-content\/uploads\/2014\/09\/Charcon-7-1536x1152.jpg 1536w, https:\/\/bintumani.de\/wp-content\/uploads\/2014\/09\/Charcon-7-2048x1536.jpg 2048w, https:\/\/bintumani.de\/wp-content\/uploads\/2014\/09\/Charcon-7-1320x990.jpg 1320w\" sizes=\"(max-width: 960px) 100vw, 960px\" \/><\/a>&nbsp;<a href=\"http:\/\/bintumani.de\/wp-content\/uploads\/2014\/09\/Charcon-8.jpg\" data-rel=\"fancybox\"><img loading=\"lazy\" decoding=\"async\" class=\"alignnone size-large wp-image-1004\" src=\"http:\/\/bintumani.de\/wp-content\/uploads\/2014\/09\/Charcon-8-1024x768.jpg\" alt=\"Charcon 8\" width=\"960\" height=\"720\" srcset=\"https:\/\/bintumani.de\/wp-content\/uploads\/2014\/09\/Charcon-8-1024x768.jpg 1024w, https:\/\/bintumani.de\/wp-content\/uploads\/2014\/09\/Charcon-8-300x225.jpg 300w, https:\/\/bintumani.de\/wp-content\/uploads\/2014\/09\/Charcon-8-150x113.jpg 150w, https:\/\/bintumani.de\/wp-content\/uploads\/2014\/09\/Charcon-8-768x576.jpg 768w, https:\/\/bintumani.de\/wp-content\/uploads\/2014\/09\/Charcon-8-1536x1152.jpg 1536w, https:\/\/bintumani.de\/wp-content\/uploads\/2014\/09\/Charcon-8-2048x1536.jpg 2048w, https:\/\/bintumani.de\/wp-content\/uploads\/2014\/09\/Charcon-8-1320x990.jpg 1320w\" sizes=\"(max-width: 960px) 100vw, 960px\" \/><\/a><\/p>\n<\/div>\n<div class=\"gdlr-item gdlr-content-item\">\n<h3>&nbsp;<\/h3>\n<h3>&nbsp;<\/h3>\n<h3>&nbsp;<\/h3>\n<h3><strong>Hilfe direkt Oldenburg<\/strong><\/h3>\n<p>Die Gruppe \u201eOilensanc\u201c spielt f\u00fcr Sierra Leone.<br \/><a href=\"http:\/\/oldenburger-onlinezeitung.de\/kultur\/benefizkonzert-oilensanc-sierra-leone-45066\" target=\"_blank\" rel=\"noopener noreferrer\">Benefizkonzert am 7.12.14.<\/a><\/p>\n<p>&nbsp;<\/p>\n<h3><strong>Salonedreams<\/strong> mit einer weiteren Aktion:<\/h3>\n<p><a href=\"http:\/\/bintumani.de\/wp-content\/uploads\/2014\/09\/Bildschirmfoto-2014-12-03-um-12.29.19.png\" data-rel=\"fancybox\"><img loading=\"lazy\" decoding=\"async\" class=\"alignnone size-full wp-image-1022\" src=\"http:\/\/bintumani.de\/wp-content\/uploads\/2014\/09\/Bildschirmfoto-2014-12-03-um-12.29.19.png\" alt=\"Bildschirmfoto 2014-12-03 um 12.29.19\" width=\"495\" height=\"814\" srcset=\"https:\/\/bintumani.de\/wp-content\/uploads\/2014\/09\/Bildschirmfoto-2014-12-03-um-12.29.19.png 495w, https:\/\/bintumani.de\/wp-content\/uploads\/2014\/09\/Bildschirmfoto-2014-12-03-um-12.29.19-182x300.png 182w, https:\/\/bintumani.de\/wp-content\/uploads\/2014\/09\/Bildschirmfoto-2014-12-03-um-12.29.19-91x150.png 91w\" sizes=\"(max-width: 495px) 100vw, 495px\" \/><\/a><\/p>\n<h3>L\u00f6we f\u00fcr L\u00f6we<\/h3>\n<p>Am Samstag, 6. Dezember, sind wir von 13 bis 16 Uhr mit einem Stand beim M\u00f6belkontor der Diakonie in Wolfenb\u00fcttel vertreten. Wir verkaufen u.a. Kuchen und Tee zugunstens unserer Gesundheitsstation.&nbsp;<br \/>Die Einnahmen des Tages vom Verkauf von M\u00f6beln werden vom M\u00f6belkontor f\u00fcr den Kampf gegen Ebola gespendet.&nbsp;<br \/>Adresse: M\u00f6belkontor, Goslarsche Stra\u00dfe 55, Wolfenb\u00fcttel<\/p>\n<p>&nbsp;<\/p>\n<h3>&nbsp;GLOBOLAB E.V.<\/h3>\n<p><a href=\"http:\/\/bintumani.de\/wp-content\/uploads\/2014\/09\/Bildschirmfoto-2014-12-04-um-09.05.24.png\" data-rel=\"fancybox\"><img loading=\"lazy\" decoding=\"async\" class=\"alignnone size-full wp-image-1023\" src=\"http:\/\/bintumani.de\/wp-content\/uploads\/2014\/09\/Bildschirmfoto-2014-12-04-um-09.05.24.png\" alt=\"Bildschirmfoto 2014-12-04 um 09.05.24\" width=\"483\" height=\"488\" srcset=\"https:\/\/bintumani.de\/wp-content\/uploads\/2014\/09\/Bildschirmfoto-2014-12-04-um-09.05.24.png 483w, https:\/\/bintumani.de\/wp-content\/uploads\/2014\/09\/Bildschirmfoto-2014-12-04-um-09.05.24-297x300.png 297w, https:\/\/bintumani.de\/wp-content\/uploads\/2014\/09\/Bildschirmfoto-2014-12-04-um-09.05.24-148x150.png 148w\" sizes=\"(max-width: 483px) 100vw, 483px\" \/><\/a><\/p>\n<p>&nbsp;<\/p>\n<p>&nbsp;<\/p>\n<h3>forikolo<\/h3>\n<p>Forikolo erhielt gestern von der S\u00e4chsischen Jugendstiftung und von der Menarini GmbH 10.000 Euro f\u00fcr die Bek\u00e4mpfung der Ebola-Epidemie in Sierra Leone. Die Dresdner Neueste Nachrichten berichtet:&nbsp;<a href=\"http:\/\/www.dnn-online.de\/web\/dnn\/nachrichten\/detail\/-\/specific\/10-000-Euro-gegen-Ebola-Schueler-uebergeben-Geld-in-Dresden-an-Hilfsverein-847927354\" target=\"_blank\" rel=\"nofollow noopener noreferrer\">http:\/\/www.dnn-online.de\/\u2026\/10-000-Euro-gegen-Ebola-Schueler\u2026<\/a><\/p>\n<p><a href=\"http:\/\/bintumani.de\/wp-content\/uploads\/2014\/09\/Bildschirmfoto-2014-12-04-um-18.01.58.png\" data-rel=\"fancybox\"><img loading=\"lazy\" decoding=\"async\" class=\"alignnone size-full wp-image-1027\" src=\"http:\/\/bintumani.de\/wp-content\/uploads\/2014\/09\/Bildschirmfoto-2014-12-04-um-18.01.58.png\" alt=\"Bildschirmfoto 2014-12-04 um 18.01.58\" width=\"491\" height=\"378\" srcset=\"https:\/\/bintumani.de\/wp-content\/uploads\/2014\/09\/Bildschirmfoto-2014-12-04-um-18.01.58.png 491w, https:\/\/bintumani.de\/wp-content\/uploads\/2014\/09\/Bildschirmfoto-2014-12-04-um-18.01.58-300x231.png 300w, https:\/\/bintumani.de\/wp-content\/uploads\/2014\/09\/Bildschirmfoto-2014-12-04-um-18.01.58-150x115.png 150w\" sizes=\"(max-width: 491px) 100vw, 491px\" \/><\/a><\/p>\n<p>&nbsp;<\/p>\n<p>&nbsp;<\/p>\n<h3>L\u00f6we f\u00fcr L\u00f6we.V.<\/h3>\n<p>3.000 \u20ac Spende vom Gymnasium Kleine Burg in Braunschweig!<br \/>Gestern wurde Brigitte Amara-Dokubo und Madeleine Martin ein symbolischer Scheck w\u00e4hrend der Gesamtkonferenz in der Aula \u00fcberreicht. Die Spende kam durch einen Sponsorenlauf sowie eine Tombola zusammen. Mit der Spende soll unsere neue Schule in Brigitte Village mit einer Solaranlage ausgestattet werden, damit in den Abendstunden auch Unterricht f\u00fcr Erwachsene (z.B. Alphabetisierungskurse) stattfinden kann. Wir freuen uns \u00fcber die tolle Unterst\u00fctzung und sagen DANKE!!!!! (Quelle Facebook)<\/p>\n<p><a href=\"http:\/\/bintumani.de\/wp-content\/uploads\/2014\/09\/Bildschirmfoto-2014-12-05-um-17.51.29.png\" data-rel=\"fancybox\"><img loading=\"lazy\" decoding=\"async\" class=\"alignnone size-full wp-image-1029\" src=\"http:\/\/bintumani.de\/wp-content\/uploads\/2014\/09\/Bildschirmfoto-2014-12-05-um-17.51.29.png\" alt=\"Bildschirmfoto 2014-12-05 um 17.51.29\" width=\"465\" height=\"311\" srcset=\"https:\/\/bintumani.de\/wp-content\/uploads\/2014\/09\/Bildschirmfoto-2014-12-05-um-17.51.29.png 465w, https:\/\/bintumani.de\/wp-content\/uploads\/2014\/09\/Bildschirmfoto-2014-12-05-um-17.51.29-300x201.png 300w, https:\/\/bintumani.de\/wp-content\/uploads\/2014\/09\/Bildschirmfoto-2014-12-05-um-17.51.29-150x100.png 150w\" sizes=\"(max-width: 465px) 100vw, 465px\" \/><\/a><\/p>\n<p>&nbsp;<\/p>\n<p>&nbsp;<\/p>\n<p>aus dem Facebook:<\/p>\n<div class=\"mbs fwn fcg\" data-ft=\"{\">\n<h3 class=\"_5pcn fwb\" data-ft=\"{\"><a href=\"https:\/\/www.facebook.com\/ydp87sl\/posts\/746403808769837?fref=nf\" target=\"_blank\" rel=\"noopener\">Youth Development Project \u2013 Sierra Leone (YDP)<\/a><\/h3>\n<\/div>\n<div class=\"mtm _5pco\" data-ft=\"{\">\n<div id=\"id_54946beaa11711d88660400\" class=\"text_exposed_root text_exposed\">\n<p>Die Klasse 8G, Eltern und Lehrer der Erich-Kaestner-Gesamtschule in Buende haben in den letzten Wochen insgesamt 539,- \u20ac f\u00fcr die Ebola Soforthilfe des YDP gesp<span class=\"text_exposed_show\">endet.<br \/>Ganz lieben Dank \u2013 you are doing a great job!!<\/span><\/p>\n<div class=\"text_exposed_show\">\n<p>Class 8G, parents and teachers of Erich-Kaestner- comprehensive school at Buende\/Germany have donated over the past weeks a total amount of 539,-\u20ac for \u201eebola emergency relief\u201c of the YDP.&nbsp;<br \/>Thank you ever so much \u2013 you are doing a great job!<\/p>\n<\/div>\n<\/div>\n<\/div>\n<\/div>\n<\/div>\n<div class=\"clear\">&nbsp;<\/div>\n<\/div>\n<\/section>\n<\/div>\n<div class=\"main-content-container container gdlr-item-start-content\">\n<div class=\"gdlr-item gdlr-main-content\">&nbsp;<\/div>\n<\/div>\n","protected":false},"excerpt":{"rendered":"<p>&nbsp; &nbsp; &nbsp; Initiativen:<\/p>\n","protected":false},"author":1,"featured_media":0,"parent":0,"menu_order":50,"comment_status":"closed","ping_status":"closed","template":"","meta":{"site-sidebar-layout":"default","site-content-layout":"default","ast-site-content-layout":"default","site-content-style":"default","site-sidebar-style":"default","ast-global-header-display":"","ast-banner-title-visibility":"","ast-main-header-display":"","ast-hfb-above-header-display":"","ast-hfb-below-header-display":"","ast-hfb-mobile-header-display":"","site-post-title":"","ast-breadcrumbs-content":"","ast-featured-img":"","footer-sml-layout":"","ast-disable-related-posts":"","theme-transparent-header-meta":"default","adv-header-id-meta":"","stick-header-meta":"","header-above-stick-meta":"","header-main-stick-meta":"","header-below-stick-meta":"","astra-migrate-meta-layouts":"default","ast-page-background-enabled":"default","ast-page-background-meta":{"desktop":{"background-color":"","background-image":"","background-repeat":"repeat","background-position":"center center","background-size":"auto","background-attachment":"scroll","background-type":"","background-media":"","overlay-type":"","overlay-color":"","overlay-opacity":"","overlay-gradient":""},"tablet":{"background-color":"","background-image":"","background-repeat":"repeat","background-position":"center center","background-size":"auto","background-attachment":"scroll","background-type":"","background-media":"","overlay-type":"","overlay-color":"","overlay-opacity":"","overlay-gradient":""},"mobile":{"background-color":"","background-image":"","background-repeat":"repeat","background-position":"center center","background-size":"auto","background-attachment":"scroll","background-type":"","background-media":"","overlay-type":"","overlay-color":"","overlay-opacity":"","overlay-gradient":""}},"ast-content-background-meta":{"desktop":{"background-color":"var(--ast-global-color-5)","background-image":"","background-repeat":"repeat","background-position":"center center","background-size":"auto","background-attachment":"scroll","background-type":"","background-media":"","overlay-type":"","overlay-color":"","overlay-opacity":"","overlay-gradient":""},"tablet":{"background-color":"var(--ast-global-color-5)","background-image":"","background-repeat":"repeat","background-position":"center center","background-size":"auto","background-attachment":"scroll","background-type":"","background-media":"","overlay-type":"","overlay-color":"","overlay-opacity":"","overlay-gradient":""},"mobile":{"background-color":"var(--ast-global-color-5)","background-image":"","background-repeat":"repeat","background-position":"center center","background-size":"auto","background-attachment":"scroll","background-type":"","background-media":"","overlay-type":"","overlay-color":"","overlay-opacity":"","overlay-gradient":""}},"footnotes":""},"class_list":["post-518","page","type-page","status-publish","hentry"],"_links":{"self":[{"href":"https:\/\/bintumani.de\/en\/wp-json\/wp\/v2\/pages\/518","targetHints":{"allow":["GET"]}}],"collection":[{"href":"https:\/\/bintumani.de\/en\/wp-json\/wp\/v2\/pages"}],"about":[{"href":"https:\/\/bintumani.de\/en\/wp-json\/wp\/v2\/types\/page"}],"author":[{"embeddable":true,"href":"https:\/\/bintumani.de\/en\/wp-json\/wp\/v2\/users\/1"}],"replies":[{"embeddable":true,"href":"https:\/\/bintumani.de\/en\/wp-json\/wp\/v2\/comments?post=518"}],"version-history":[{"count":16,"href":"https:\/\/bintumani.de\/en\/wp-json\/wp\/v2\/pages\/518\/revisions"}],"predecessor-version":[{"id":14926,"href":"https:\/\/bintumani.de\/en\/wp-json\/wp\/v2\/pages\/518\/revisions\/14926"}],"wp:attachment":[{"href":"https:\/\/bintumani.de\/en\/wp-json\/wp\/v2\/media?parent=518"}],"curies":[{"name":"wp","href":"https:\/\/api.w.org\/{rel}","templated":true}]}}