{"id":583,"date":"2014-09-16T09:26:36","date_gmt":"2014-09-16T07:26:36","guid":{"rendered":"http:\/\/bintumani.de\/?page_id=583"},"modified":"2014-09-16T09:26:36","modified_gmt":"2014-09-16T07:26:36","slug":"ebola-english","status":"publish","type":"page","link":"https:\/\/bintumani.de\/en\/stop-ebola\/ebola-english\/","title":{"rendered":"Ebola english"},"content":{"rendered":"<p>Challenge<br \/>\n#ebolahandshake. Don&#8217;t touch \u2013 stop Ebola!<\/p>\n<p>We want to raise awareness about the Ebola outbreak in West Africa. Too many people have already died from the Ebola virus. As the virus is transmitted through body fluids, you will often hear people saying \u201cdon&#8217;t touch!\u201d these days. Shoot a video of how you greet each other without touching. Share the video on your profiles on Facebook, Twitter and other social networks. Copy this text and nominate all your friends for the #ebolahandshake.<br \/>\nDONATE so we can supply people in Sierra Leone with protective clothing, medication and food.<\/p>\n<p>For more information see:<br \/>\n\u2022 Facebook Event:\u00a0<a href=\"http:\/\/l.facebook.com\/l.php?u=http%3A%2F%2Ftinyurl.com%2Fojje96v&amp;h=TAQH3yX90&amp;enc=AZNhV37ZjizvXtVmkIFXgxaRFyr9BENrMjCp4draBVPK-6HSlabwpRNMBEfHSQHrj1w&amp;s=1\" target=\"_blank\" rel=\"nofollow nofollow noopener\">http:\/\/tinyurl.com\/ojje96v<\/a><br \/>\n\u2022 Network 4 Salone:\u00a0<a href=\"http:\/\/l.facebook.com\/l.php?u=http%3A%2F%2Fwww.bintumani.de%2Fsl-netzwerk%2Febola%2F&amp;h=vAQGVlkRC&amp;enc=AZPw_rDqm-qbr9sYMjQIJuHpHuuU6afbAKFkETYzAtgxjQYmNTo2CrVD0G6my-4vuTA&amp;s=1\" target=\"_blank\" rel=\"nofollow nofollow\">www.bintumani.de\/<wbr \/>sl-netzwerk\/ebola\/<\/a><\/p>\n<p>____________________<\/p>\n<p>Why the #ebolahandshake?<\/p>\n<p>The West African country Sierra Leone has been suffering from the devastating effects of the Ebola virus for the past months. Too many people have already died from the virus. As the virus is transmitted through body fluids, you will often hear people saying \u201cdon&#8217;t touch!\u201d these days; try to avoid any skin contact to avoid an infection. With this challenge, we want to raise awareness for the terrible conditions in Sierra Leone as<br \/>\nfor weeks the virus keeps spreading and the number of infected persons isn&#8217;t decreasing<br \/>\nmany doctors and health care workers have been infected and killed by the virus; access to medical care for other disease like malaria has become very limited<br \/>\ntrade in the whole area is stagnating, leading to many people suffering from hunger<\/p>\n<p>Where can I donate to and what is going to happen with my money?<\/p>\n<p>You can donate to account of the NGO Bintumani<br \/>\nBintumani e.V.<br \/>\nBANK F\u00dcR SOZIALWIRTSCHAFT<br \/>\nIBAN: DE27 10020500 0003199701<br \/>\nBIC: BFSWDE33BER<br \/>\nUSE: SL-Ebola<\/p>\n<p>With your financial support, we are going to \u2026<br \/>\nsupport the health workers of five hospitals with protective clothing and disinfectants so they can protect themselves<br \/>\nprovide people under quarantine with food and as they can&#8217;t care for themselves<br \/>\ndistribute food to people in need<\/p>\n<p>Who is behind the challenge?<br \/>\nWe are a network of small German NGOs working in Sierra Leone. For several years, we have been running hospitals, schools and other institutions.<\/p>\n<p>Bintumani D-SL \u2013 Globolab \u2013 L\u00f6we f\u00fcr L\u00f6we e.V. \u2013 Salone Dreams \u2013\u00a0Youth Development Project-Sierra Leone (YDP-SL)\u00a0\u2013 Hilfe direkt Oldenburg-Sierra Leone ViB e.V.<\/p>\n","protected":false},"excerpt":{"rendered":"<p>Challenge #ebolahandshake. Don&#8217;t touch \u2013 stop Ebola! We want to raise awareness about the Ebola outbreak in West Africa. Too many people have already died from the Ebola virus. As the virus is transmitted through body fluids, you will often hear people saying \u201cdon&#8217;t touch!\u201d these days. Shoot a video of how you greet each [&hellip;]<\/p>\n","protected":false},"author":1,"featured_media":0,"parent":518,"menu_order":0,"comment_status":"closed","ping_status":"open","template":"","meta":{"site-sidebar-layout":"default","site-content-layout":"","ast-site-content-layout":"default","site-content-style":"default","site-sidebar-style":"default","ast-global-header-display":"","ast-banner-title-visibility":"","ast-main-header-display":"","ast-hfb-above-header-display":"","ast-hfb-below-header-display":"","ast-hfb-mobile-header-display":"","site-post-title":"","ast-breadcrumbs-content":"","ast-featured-img":"","footer-sml-layout":"","ast-disable-related-posts":"","theme-transparent-header-meta":"","adv-header-id-meta":"","stick-header-meta":"","header-above-stick-meta":"","header-main-stick-meta":"","header-below-stick-meta":"","astra-migrate-meta-layouts":"default","ast-page-background-enabled":"default","ast-page-background-meta":{"desktop":{"background-color":"","background-image":"","background-repeat":"repeat","background-position":"center center","background-size":"auto","background-attachment":"scroll","background-type":"","background-media":"","overlay-type":"","overlay-color":"","overlay-opacity":"","overlay-gradient":""},"tablet":{"background-color":"","background-image":"","background-repeat":"repeat","background-position":"center center","background-size":"auto","background-attachment":"scroll","background-type":"","background-media":"","overlay-type":"","overlay-color":"","overlay-opacity":"","overlay-gradient":""},"mobile":{"background-color":"","background-image":"","background-repeat":"repeat","background-position":"center center","background-size":"auto","background-attachment":"scroll","background-type":"","background-media":"","overlay-type":"","overlay-color":"","overlay-opacity":"","overlay-gradient":""}},"ast-content-background-meta":{"desktop":{"background-color":"var(--ast-global-color-5)","background-image":"","background-repeat":"repeat","background-position":"center center","background-size":"auto","background-attachment":"scroll","background-type":"","background-media":"","overlay-type":"","overlay-color":"","overlay-opacity":"","overlay-gradient":""},"tablet":{"background-color":"var(--ast-global-color-5)","background-image":"","background-repeat":"repeat","background-position":"center center","background-size":"auto","background-attachment":"scroll","background-type":"","background-media":"","overlay-type":"","overlay-color":"","overlay-opacity":"","overlay-gradient":""},"mobile":{"background-color":"var(--ast-global-color-5)","background-image":"","background-repeat":"repeat","background-position":"center center","background-size":"auto","background-attachment":"scroll","background-type":"","background-media":"","overlay-type":"","overlay-color":"","overlay-opacity":"","overlay-gradient":""}},"footnotes":""},"class_list":["post-583","page","type-page","status-publish","hentry"],"_links":{"self":[{"href":"https:\/\/bintumani.de\/en\/wp-json\/wp\/v2\/pages\/583","targetHints":{"allow":["GET"]}}],"collection":[{"href":"https:\/\/bintumani.de\/en\/wp-json\/wp\/v2\/pages"}],"about":[{"href":"https:\/\/bintumani.de\/en\/wp-json\/wp\/v2\/types\/page"}],"author":[{"embeddable":true,"href":"https:\/\/bintumani.de\/en\/wp-json\/wp\/v2\/users\/1"}],"replies":[{"embeddable":true,"href":"https:\/\/bintumani.de\/en\/wp-json\/wp\/v2\/comments?post=583"}],"version-history":[{"count":1,"href":"https:\/\/bintumani.de\/en\/wp-json\/wp\/v2\/pages\/583\/revisions"}],"predecessor-version":[{"id":584,"href":"https:\/\/bintumani.de\/en\/wp-json\/wp\/v2\/pages\/583\/revisions\/584"}],"up":[{"embeddable":true,"href":"https:\/\/bintumani.de\/en\/wp-json\/wp\/v2\/pages\/518"}],"wp:attachment":[{"href":"https:\/\/bintumani.de\/en\/wp-json\/wp\/v2\/media?parent=583"}],"curies":[{"name":"wp","href":"https:\/\/api.w.org\/{rel}","templated":true}]}}